{"id":889,"date":"2020-12-21T14:20:34","date_gmt":"2020-12-21T13:20:34","guid":{"rendered":"https:\/\/www.vienne-en-transition.fr\/?page_id=889"},"modified":"2020-12-21T14:26:00","modified_gmt":"2020-12-21T13:26:00","slug":"charte-dutilisation-de-la-plateforme-participative","status":"publish","type":"page","link":"https:\/\/www.vienne-en-transition.fr\/index.php\/charte-dutilisation-de-la-plateforme-participative\/","title":{"rendered":"Charte d&rsquo;utilisation de la plateforme participative"},"content":{"rendered":"\n<p>En acc\u00e9dant \u00e0 la plateforme participative, vous acceptez cette charte d&rsquo;utilisation<\/p>\n\n\n\n<p><img loading=\"lazy\" decoding=\"async\" width=\"15\" height=\"15\" class=\"wp-image-596\" style=\"width: 15px;\" src=\"https:\/\/www.vienne-en-transition.fr\/wp-content\/uploads\/2020\/11\/puce-grise.png\" alt=\"\"> <strong><a href=\"https:\/\/framavox.org\/vienne-en-transition\">Acc\u00e9der \u00e0 la plateforme participative<\/a><\/strong><\/p>\n\n\n\n<h2 class=\"wp-block-heading\">R\u00e8gles d\u2019usages<\/h2>\n\n\n\n<p>Toute personne inscrite sur la plateforme participative du collectif La Vienne en transition s&rsquo;engage \u00e0 respecter la pr\u00e9sente charte d&rsquo;utilisation. Celle-ci \u00e0 pour objectif de garantir la bonne tenue des \u00e9changes au sein de cet outil de contribution.<\/p>\n\n\n\n<p>En participant aux \u00e9changes de la plateforme, le\/la participant-e est conscient qu&rsquo;il ou elle s&rsquo;exprime dans une assembl\u00e9e publique ; cet espace doit rester un lieu d&rsquo;\u00e9changes constructifs et agr\u00e9ables, ouvert \u00e0 tous les habitant-e-s de la Vienne.<\/p>\n\n\n\n<p>Les insultes et les attaques personnelles n&rsquo;ont pas leur place dans les \u00e9changes. Aucun r\u00e8glement de compte, provocation ou acharnement personnel sur un autre utilisateur en sera tol\u00e9r\u00e9. Les propos \u00e0 connotations racistes, antis\u00e9mites, x\u00e9nophobes, sexistes, sexuelles ou d&rsquo;une mani\u00e8re g\u00e9n\u00e9rale contraires \u00e0 la loi sont formellement interdits. Il en va de m\u00eame pour l&rsquo;ensemble des contenus (liens, images, vid\u00e9os, etc.) post\u00e9s sur la plateforme. L\u2019utilisation de comptes multiples est interdite, de m\u00eame que l&rsquo;usurpation d&rsquo;identit\u00e9, la publicit\u00e9 et le pros\u00e9lytisme.<\/p>\n\n\n\n<p>Pour permettre une bonne qualit\u00e9 des \u00e9changes, il est demand\u00e9 aux participant-e-s d&rsquo;adopter une attitude bienveillante, constructive et d&rsquo;\u00eatre vigilant sur les sources d&rsquo;informations cit\u00e9es.<\/p>\n\n\n\n<h2 class=\"wp-block-heading\">Mod\u00e9ration sur la plateforme<\/h2>\n\n\n\n<p>La plateforme participative du collectif vise a accueillir un d\u00e9bat libre et spontan\u00e9e pour enrichir le futur programme. L&rsquo;\u00e9quipe de collectif assure l&rsquo;animation de la plateforme pour faciliter les \u00e9changes et la participation. Une mod\u00e9ration peut \u00e9galement \u00eatre appliqu\u00e9e si des publications ne respectent pas le cadre d\u00e9finit par la pr\u00e9sente charte. Cette mod\u00e9ration peut entra\u00eener la suppression d&rsquo;une publication mais aussi d&rsquo;un-e utilisateur\/trice.<\/p>\n\n\n\n<p>L&rsquo;efficacit\u00e9 de la mod\u00e9ration repose aussi sur la vigilance des participant-e-s. Vous pouvez \u00e0 tout moment nous faire part d&rsquo;un abus par email \u00e0 collectif@vienne-en-transition.fr.<\/p>\n\n\n\n<p>En application de l\u2019article 6.I.2 de la LCEN (Loi pour la Confiance dans l\u2019\u00c9conomie Num\u00e9rique), et en raison de l\u2019impossibilit\u00e9 de v\u00e9rifier toutes les donn\u00e9es qui transitent sur la plateforme, tout contenu manifestement illicite sera supprim\u00e9 par les \u00e9quipes d\u2019animation d\u00e8s notification.<\/p>\n\n\n\n<p>En application de l\u2019article 6.I.2 de la LCEN, le collectif La Vienne en transition ne sauraient \u00eatre engag\u00e9es si un contenu illicite, supprim\u00e9 par l\u2019\u00e9quipe de mod\u00e9ration apr\u00e8s notification, fait l\u2019objet d\u2019une poursuite judiciaire ou d\u2019une enqu\u00eate de police. Seul l\u2019auteur de la contribution ou du commentaire litigieux restera enti\u00e8rement responsable. Aux fins de poursuite et d\u2019identification de l\u2019auteur, nous serons alors dans l\u2019obligation de d\u00e9f\u00e9rer \u00e0 toute demande d\u2019une autorit\u00e9 judiciaire de fournir les donn\u00e9es personnelles que nous aurons recueilli via le compte de l\u2019auteur en cause, en conformit\u00e9 avec l\u2019article 6-II de la LCEN (loi du 21 juin 2004) et le d\u00e9cret d\u2019application n\u00b0 2011-219 du 25 f\u00e9vrier 2011 relatif \u00e0 la conservation et \u00e0 la communication des donn\u00e9es permettant d&rsquo;identifier toute personne ayant contribu\u00e9 \u00e0 la cr\u00e9ation d&rsquo;un contenu mis en ligne.<\/p>\n","protected":false},"excerpt":{"rendered":"<p>En acc\u00e9dant \u00e0 la plateforme participative, vous acceptez cette charte d&rsquo;utilisation Acc\u00e9der \u00e0 la plateforme participative R\u00e8gles d\u2019usages Toute personne [&hellip;]<\/p>\n","protected":false},"author":1,"featured_media":0,"parent":0,"menu_order":0,"comment_status":"closed","ping_status":"closed","template":"","meta":{"site-sidebar-layout":"default","site-content-layout":"","ast-site-content-layout":"","site-content-style":"default","site-sidebar-style":"default","ast-global-header-display":"","ast-banner-title-visibility":"","ast-main-header-display":"","ast-hfb-above-header-display":"","ast-hfb-below-header-display":"","ast-hfb-mobile-header-display":"","site-post-title":"","ast-breadcrumbs-content":"","ast-featured-img":"","footer-sml-layout":"","theme-transparent-header-meta":"","adv-header-id-meta":"","stick-header-meta":"","header-above-stick-meta":"","header-main-stick-meta":"","header-below-stick-meta":"","astra-migrate-meta-layouts":"default","ast-page-background-enabled":"default","ast-page-background-meta":{"desktop":{"background-color":"var(--ast-global-color-5)","background-image":"","background-repeat":"repeat","background-position":"center center","background-size":"auto","background-attachment":"scroll","background-type":"","background-media":"","overlay-type":"","overlay-color":"","overlay-opacity":"","overlay-gradient":""},"tablet":{"background-color":"","background-image":"","background-repeat":"repeat","background-position":"center center","background-size":"auto","background-attachment":"scroll","background-type":"","background-media":"","overlay-type":"","overlay-color":"","overlay-opacity":"","overlay-gradient":""},"mobile":{"background-color":"","background-image":"","background-repeat":"repeat","background-position":"center center","background-size":"auto","background-attachment":"scroll","background-type":"","background-media":"","overlay-type":"","overlay-color":"","overlay-opacity":"","overlay-gradient":""}},"ast-content-background-meta":{"desktop":{"background-color":"var(--ast-global-color-4)","background-image":"","background-repeat":"repeat","background-position":"center center","background-size":"auto","background-attachment":"scroll","background-type":"","background-media":"","overlay-type":"","overlay-color":"","overlay-opacity":"","overlay-gradient":""},"tablet":{"background-color":"var(--ast-global-color-4)","background-image":"","background-repeat":"repeat","background-position":"center center","background-size":"auto","background-attachment":"scroll","background-type":"","background-media":"","overlay-type":"","overlay-color":"","overlay-opacity":"","overlay-gradient":""},"mobile":{"background-color":"var(--ast-global-color-4)","background-image":"","background-repeat":"repeat","background-position":"center center","background-size":"auto","background-attachment":"scroll","background-type":"","background-media":"","overlay-type":"","overlay-color":"","overlay-opacity":"","overlay-gradient":""}},"footnotes":""},"class_list":["post-889","page","type-page","status-publish","hentry"],"_links":{"self":[{"href":"https:\/\/www.vienne-en-transition.fr\/index.php\/wp-json\/wp\/v2\/pages\/889","targetHints":{"allow":["GET"]}}],"collection":[{"href":"https:\/\/www.vienne-en-transition.fr\/index.php\/wp-json\/wp\/v2\/pages"}],"about":[{"href":"https:\/\/www.vienne-en-transition.fr\/index.php\/wp-json\/wp\/v2\/types\/page"}],"author":[{"embeddable":true,"href":"https:\/\/www.vienne-en-transition.fr\/index.php\/wp-json\/wp\/v2\/users\/1"}],"replies":[{"embeddable":true,"href":"https:\/\/www.vienne-en-transition.fr\/index.php\/wp-json\/wp\/v2\/comments?post=889"}],"version-history":[{"count":6,"href":"https:\/\/www.vienne-en-transition.fr\/index.php\/wp-json\/wp\/v2\/pages\/889\/revisions"}],"predecessor-version":[{"id":897,"href":"https:\/\/www.vienne-en-transition.fr\/index.php\/wp-json\/wp\/v2\/pages\/889\/revisions\/897"}],"wp:attachment":[{"href":"https:\/\/www.vienne-en-transition.fr\/index.php\/wp-json\/wp\/v2\/media?parent=889"}],"curies":[{"name":"wp","href":"https:\/\/api.w.org\/{rel}","templated":true}]}}