{"id":2700,"date":"2025-01-23T14:19:14","date_gmt":"2025-01-23T13:19:14","guid":{"rendered":"https:\/\/www.vienne-en-transition.fr\/?page_id=2700"},"modified":"2025-01-31T13:59:16","modified_gmt":"2025-01-31T12:59:16","slug":"florence-harris-3","status":"publish","type":"page","link":"https:\/\/www.vienne-en-transition.fr\/index.php\/florence-harris-3\/","title":{"rendered":"Florence Harris (Poitiers 3)"},"content":{"rendered":"\n<div class=\"wp-block-columns is-layout-flex wp-container-core-columns-is-layout-28f84493 wp-block-columns-is-layout-flex\">\n<div class=\"wp-block-column is-layout-flow wp-block-column-is-layout-flow\" style=\"flex-basis:25%\"><\/div>\n\n\n\n<div class=\"wp-block-column is-layout-flow wp-block-column-is-layout-flow\" style=\"flex-basis:50%\">\n<h3 class=\"wp-block-heading has-text-align-center\">Florence Harris &#8211; Conseill\u00e8re d\u00e9partementale<\/h3>\n\n\n\n<figure class=\"wp-block-image aligncenter size-large is-resized\"><img loading=\"lazy\" decoding=\"async\" width=\"983\" height=\"1024\" src=\"https:\/\/www.vienne-en-transition.fr\/wp-content\/uploads\/2021\/11\/Harris-scaled-e1636465249815-983x1024.jpg\" alt=\"\" class=\"wp-image-2098\" style=\"width:273px;height:auto\" srcset=\"https:\/\/www.vienne-en-transition.fr\/wp-content\/uploads\/2021\/11\/Harris-scaled-e1636465249815-983x1024.jpg 983w, https:\/\/www.vienne-en-transition.fr\/wp-content\/uploads\/2021\/11\/Harris-scaled-e1636465249815-288x300.jpg 288w, https:\/\/www.vienne-en-transition.fr\/wp-content\/uploads\/2021\/11\/Harris-scaled-e1636465249815-768x800.jpg 768w, https:\/\/www.vienne-en-transition.fr\/wp-content\/uploads\/2021\/11\/Harris-scaled-e1636465249815-1474x1536.jpg 1474w, https:\/\/www.vienne-en-transition.fr\/wp-content\/uploads\/2021\/11\/Harris-scaled-e1636465249815.jpg 1707w\" sizes=\"auto, (max-width: 983px) 100vw, 983px\" \/><\/figure>\n\n\n\n<p class=\"has-text-align-center\">Professionnelle de sant\u00e9, syndicaliste.<\/p>\n\n\n\n<p class=\"has-text-align-center\"><a href=\"http:\/\/florenceharris.fr\" data-type=\"link\" data-id=\"florenceharris.fr\">florenceharris.fr<\/a><\/p>\n\n\n\n<div class=\"wp-block-columns is-layout-flex wp-container-core-columns-is-layout-28f84493 wp-block-columns-is-layout-flex\">\n<div class=\"wp-block-column is-layout-flow wp-block-column-is-layout-flow\">\n<div class=\"wp-block-columns is-layout-flex wp-container-core-columns-is-layout-28f84493 wp-block-columns-is-layout-flex\">\n<div class=\"wp-block-column is-layout-flow wp-block-column-is-layout-flow\">\n<figure class=\"wp-block-image aligncenter size-full is-resized\"><a href=\"https:\/\/piaille.fr\/@floharris86\"><img loading=\"lazy\" decoding=\"async\" width=\"512\" height=\"512\" src=\"https:\/\/www.vienne-en-transition.fr\/wp-content\/uploads\/2025\/01\/logo-mastodon.webp\" alt=\"\" class=\"wp-image-2838\" style=\"width:34px;height:auto\" srcset=\"https:\/\/www.vienne-en-transition.fr\/wp-content\/uploads\/2025\/01\/logo-mastodon.webp 512w, https:\/\/www.vienne-en-transition.fr\/wp-content\/uploads\/2025\/01\/logo-mastodon-300x300.webp 300w, https:\/\/www.vienne-en-transition.fr\/wp-content\/uploads\/2025\/01\/logo-mastodon-150x150.webp 150w\" sizes=\"auto, (max-width: 512px) 100vw, 512px\" \/><\/a><\/figure>\n<\/div>\n\n\n\n<div class=\"wp-block-column is-layout-flow wp-block-column-is-layout-flow\">\n<figure class=\"wp-block-image aligncenter size-full is-resized\"><a href=\"https:\/\/bsky.app\/profile\/floharris86.bsky.social\"><img loading=\"lazy\" decoding=\"async\" width=\"225\" height=\"225\" src=\"https:\/\/www.vienne-en-transition.fr\/wp-content\/uploads\/2025\/01\/bluesky.jpg\" alt=\"\" class=\"wp-image-2839\" style=\"width:34px;height:auto\" srcset=\"https:\/\/www.vienne-en-transition.fr\/wp-content\/uploads\/2025\/01\/bluesky.jpg 225w, https:\/\/www.vienne-en-transition.fr\/wp-content\/uploads\/2025\/01\/bluesky-150x150.jpg 150w\" sizes=\"auto, (max-width: 225px) 100vw, 225px\" \/><\/a><\/figure>\n<\/div>\n\n\n\n<div class=\"wp-block-column is-layout-flow wp-block-column-is-layout-flow\">\n<figure class=\"wp-block-image aligncenter is-resized is-style-rounded\"><a href=\"https:\/\/www.facebook.com\/ludovic.devergne.3\"><img loading=\"lazy\" decoding=\"async\" width=\"200\" height=\"200\" src=\"https:\/\/www.vienne-en-transition.fr\/wp-content\/uploads\/2021\/05\/picto-facebook.png\" alt=\"Facebook\" class=\"wp-image-1875\" style=\"width:32px;height:auto\" srcset=\"https:\/\/www.vienne-en-transition.fr\/wp-content\/uploads\/2021\/05\/picto-facebook.png 200w, https:\/\/www.vienne-en-transition.fr\/wp-content\/uploads\/2021\/05\/picto-facebook-150x150.png 150w, https:\/\/www.vienne-en-transition.fr\/wp-content\/uploads\/2021\/05\/picto-facebook-100x100.png 100w\" sizes=\"auto, (max-width: 200px) 100vw, 200px\" \/><\/a><\/figure>\n<\/div>\n<\/div>\n<\/div>\n\n\n\n<div class=\"wp-block-column is-layout-flow wp-block-column-is-layout-flow\">\n<div class=\"wp-block-columns is-layout-flex wp-container-core-columns-is-layout-28f84493 wp-block-columns-is-layout-flex\">\n<div class=\"wp-block-column is-layout-flow wp-block-column-is-layout-flow\">\n<figure class=\"wp-block-image aligncenter size-full is-resized\"><img loading=\"lazy\" decoding=\"async\" width=\"200\" height=\"200\" src=\"https:\/\/www.vienne-en-transition.fr\/wp-content\/uploads\/2021\/05\/picto-instagram.png\" alt=\"\" class=\"wp-image-1876\" style=\"width:34px;height:auto\" srcset=\"https:\/\/www.vienne-en-transition.fr\/wp-content\/uploads\/2021\/05\/picto-instagram.png 200w, https:\/\/www.vienne-en-transition.fr\/wp-content\/uploads\/2021\/05\/picto-instagram-150x150.png 150w, https:\/\/www.vienne-en-transition.fr\/wp-content\/uploads\/2021\/05\/picto-instagram-100x100.png 100w\" sizes=\"auto, (max-width: 200px) 100vw, 200px\" \/><\/figure>\n<\/div>\n\n\n\n<div class=\"wp-block-column is-layout-flow wp-block-column-is-layout-flow\">\n<figure class=\"wp-block-image aligncenter size-full is-resized\"><a href=\"https:\/\/www.tiktok.com\/@floharris86\"><img loading=\"lazy\" decoding=\"async\" width=\"800\" height=\"800\" src=\"https:\/\/www.vienne-en-transition.fr\/wp-content\/uploads\/2025\/01\/logo-tiktok.webp\" alt=\"\" class=\"wp-image-2840\" style=\"width:34px;height:auto\" srcset=\"https:\/\/www.vienne-en-transition.fr\/wp-content\/uploads\/2025\/01\/logo-tiktok.webp 800w, https:\/\/www.vienne-en-transition.fr\/wp-content\/uploads\/2025\/01\/logo-tiktok-300x300.webp 300w, https:\/\/www.vienne-en-transition.fr\/wp-content\/uploads\/2025\/01\/logo-tiktok-150x150.webp 150w, https:\/\/www.vienne-en-transition.fr\/wp-content\/uploads\/2025\/01\/logo-tiktok-768x768.webp 768w\" sizes=\"auto, (max-width: 800px) 100vw, 800px\" \/><\/a><\/figure>\n<\/div>\n\n\n\n<div class=\"wp-block-column is-layout-flow wp-block-column-is-layout-flow\">\n<figure class=\"wp-block-image aligncenter size-full is-resized\"><a href=\"https:\/\/bere.al\/floharris86\"><img loading=\"lazy\" decoding=\"async\" width=\"249\" height=\"243\" src=\"https:\/\/www.vienne-en-transition.fr\/wp-content\/uploads\/2025\/01\/Logo-BeReal.png\" alt=\"\" class=\"wp-image-2841\" style=\"width:34px;height:auto\"\/><\/a><\/figure>\n<\/div>\n<\/div>\n<\/div>\n<\/div>\n<\/div>\n\n\n\n<div class=\"wp-block-column is-layout-flow wp-block-column-is-layout-flow\" style=\"flex-basis:25%\"><\/div>\n<\/div>\n\n\n\n<div class=\"wp-block-columns is-layout-flex wp-container-core-columns-is-layout-28f84493 wp-block-columns-is-layout-flex\">\n<div class=\"wp-block-column is-layout-flow wp-block-column-is-layout-flow\">\n<p><strong>Au Conseil d\u00e9partemental, elle est membre de :<\/strong><br>&#8211; la Commission permanente,<br>\u2013 la commission Agriculture et ruralit\u00e9,<br>\u2013 la commission Action Sociale, Enfance, Famille \/ Sant\u00e9,<br>\u2013 la commission Relations internationales,<br>\u2013 la commission des Finances<\/p>\n<\/div>\n\n\n\n<div class=\"wp-block-column is-layout-flow wp-block-column-is-layout-flow\">\n<p><strong>En tant que conseill\u00e8re d\u00e9partementale, elle si\u00e8ge :<\/strong><br>\u2013 au Coll\u00e8ge public Jean Moulin \u00e0 Poitiers,<br>\u2013 au Lyc\u00e9e d\u2019Enseignement et de Formation Professionnelle Agricoles \u00ab&nbsp;Kyoto&nbsp;\u00bb \u00e0 Poitiers,<br>\u2013 au Service d\u00e9partemental d\u2019incendie et de secours (SDIS),<br>\u2013 \u00e0 la Commission consultative d\u00e9partementale de s\u00e9curit\u00e9 et d\u2019accessibilit\u00e9 (CCDSA),<br>\u2013 au Comit\u00e9 de pilotage du Sch\u00e9ma D\u00e9partemental d\u2019Am\u00e9lioration de l\u2019Accessibilit\u00e9 des Services au Public (SDAASP),<br>\u2013 \u00e0 la Commission consultative des services publics locaux,<br>\u2013 \u00e0 la Commission d\u00e9partementale charg\u00e9e de dresser la liste annuelle des jur\u00e9s et la liste sp\u00e9ciale des jur\u00e9s suppl\u00e9ants<\/p>\n<\/div>\n\n\n\n<div class=\"wp-block-column is-layout-flow wp-block-column-is-layout-flow\">\n<p><strong>Rencontrez Florence Harris <\/strong>en permanence \u00e0 la mairie de quartier de Saint-Eloi (15 Av. de la Fraternit\u00e9, 86000 Poitiers), sur rendez-vous au 06 17 55 09 42. <\/p>\n\n\n\n<ul class=\"wp-block-list\">\n<li>Mercredi 12 f\u00e9vrier 2025 : 14h-17h<\/li>\n\n\n\n<li>Mercredi 19 mars 2025 : 14h-17h<\/li>\n\n\n\n<li>Mercredi 2 avril 2025 : 14h-17h<\/li>\n\n\n\n<li>Mercredi 14 mai 2025 : 14h-17h<\/li>\n\n\n\n<li>Mercredi 11 juin 2025 : 14h-17h<\/li>\n<\/ul>\n<\/div>\n<\/div>\n\n\n\n<div class=\"wp-block-columns is-layout-flex wp-container-core-columns-is-layout-28f84493 wp-block-columns-is-layout-flex\">\n<div class=\"wp-block-column is-layout-flow wp-block-column-is-layout-flow\">\n<p class=\"has-text-align-center\"><strong>Le canton Poitiers 3 : <\/strong><br>Le canton de Poitiers 3 regroupe l&rsquo;essentiel du centre ville, une partie du Pont-Neuf, des Couronneries, Montbernage, Saint-\u00c9loi et le Breuil-Mingot.&nbsp;<\/p>\n\n\n\n<p class=\"has-text-align-center\">Sur ce canton, le bin\u00f4me Florence HARRIS \u2013 Gr\u00e9gory VOUH\u00c9 a \u00e9t\u00e9 \u00e9lu le 27 juin 2021. Leur mandat va durer presque 7 ans, jusqu\u2019en mars 2028.<\/p>\n\n\n\n<p class=\"has-text-align-center\"><em><strong>Cliquez sur la carte pour l\u2019agrandir<\/strong><\/em><\/p>\n\n\n\n<figure data-wp-context=\"{&quot;imageId&quot;:&quot;69e498720bf47&quot;}\" data-wp-interactive=\"core\/image\" data-wp-key=\"69e498720bf47\" class=\"wp-block-image size-large wp-lightbox-container\"><img loading=\"lazy\" decoding=\"async\" width=\"1024\" height=\"545\" data-wp-class--hide=\"state.isContentHidden\" data-wp-class--show=\"state.isContentVisible\" data-wp-init=\"callbacks.setButtonStyles\" data-wp-on--click=\"actions.showLightbox\" data-wp-on--load=\"callbacks.setButtonStyles\" data-wp-on-window--resize=\"callbacks.setButtonStyles\" src=\"https:\/\/www.vienne-en-transition.fr\/wp-content\/uploads\/2022\/02\/canton3-1024x545.jpg\" alt=\"\" class=\"wp-image-2189\" srcset=\"https:\/\/www.vienne-en-transition.fr\/wp-content\/uploads\/2022\/02\/canton3-1024x545.jpg 1024w, https:\/\/www.vienne-en-transition.fr\/wp-content\/uploads\/2022\/02\/canton3-300x160.jpg 300w, https:\/\/www.vienne-en-transition.fr\/wp-content\/uploads\/2022\/02\/canton3-768x409.jpg 768w, https:\/\/www.vienne-en-transition.fr\/wp-content\/uploads\/2022\/02\/canton3-1536x817.jpg 1536w, https:\/\/www.vienne-en-transition.fr\/wp-content\/uploads\/2022\/02\/canton3-2048x1090.jpg 2048w\" sizes=\"auto, (max-width: 1024px) 100vw, 1024px\" \/><button\n\t\t\tclass=\"lightbox-trigger\"\n\t\t\ttype=\"button\"\n\t\t\taria-haspopup=\"dialog\"\n\t\t\taria-label=\"Agrandir\"\n\t\t\tdata-wp-init=\"callbacks.initTriggerButton\"\n\t\t\tdata-wp-on--click=\"actions.showLightbox\"\n\t\t\tdata-wp-style--right=\"state.imageButtonRight\"\n\t\t\tdata-wp-style--top=\"state.imageButtonTop\"\n\t\t>\n\t\t\t<svg xmlns=\"http:\/\/www.w3.org\/2000\/svg\" width=\"12\" height=\"12\" fill=\"none\" viewBox=\"0 0 12 12\">\n\t\t\t\t<path fill=\"#fff\" d=\"M2 0a2 2 0 0 0-2 2v2h1.5V2a.5.5 0 0 1 .5-.5h2V0H2Zm2 10.5H2a.5.5 0 0 1-.5-.5V8H0v2a2 2 0 0 0 2 2h2v-1.5ZM8 12v-1.5h2a.5.5 0 0 0 .5-.5V8H12v2a2 2 0 0 1-2 2H8Zm2-12a2 2 0 0 1 2 2v2h-1.5V2a.5.5 0 0 0-.5-.5H8V0h2Z\" \/>\n\t\t\t<\/svg>\n\t\t<\/button><\/figure>\n<\/div>\n\n\n\n<div class=\"wp-block-column is-layout-flow wp-block-column-is-layout-flow\">\n<h3 class=\"wp-block-heading has-text-align-center\">Salimata Moussa \u2013 Rempla\u00e7ante<\/h3>\n\n\n\n<figure class=\"wp-block-image aligncenter size-full is-resized\"><img loading=\"lazy\" decoding=\"async\" width=\"243\" height=\"243\" src=\"https:\/\/www.vienne-en-transition.fr\/wp-content\/uploads\/2021\/05\/profil-smoussa.jpg\" alt=\"\" class=\"wp-image-1766\" style=\"width:214px;height:auto\" srcset=\"https:\/\/www.vienne-en-transition.fr\/wp-content\/uploads\/2021\/05\/profil-smoussa.jpg 243w, https:\/\/www.vienne-en-transition.fr\/wp-content\/uploads\/2021\/05\/profil-smoussa-150x150.jpg 150w, https:\/\/www.vienne-en-transition.fr\/wp-content\/uploads\/2021\/05\/profil-smoussa-100x100.jpg 100w\" sizes=\"auto, (max-width: 243px) 100vw, 243px\" \/><\/figure>\n\n\n\n<p class=\"has-text-align-center\">Aide-soignante au CHU, impliqu\u00e9e dans le monde associatif, notamment dans l\u2019accompagnement des familles, le soutien scolaire et les activit\u00e9s culturelles avec l\u2019association Mw\u00e9zi de Poitiers.<\/p>\n\n\n\n<p class=\"has-text-align-center\"><\/p>\n<\/div>\n<\/div>\n","protected":false},"excerpt":{"rendered":"<p>Florence Harris &#8211; Conseill\u00e8re d\u00e9partementale Professionnelle de sant\u00e9, syndicaliste. florenceharris.fr Au Conseil d\u00e9partemental, elle est membre de :&#8211; la Commission [&hellip;]<\/p>\n","protected":false},"author":1,"featured_media":0,"parent":0,"menu_order":0,"comment_status":"closed","ping_status":"closed","template":"","meta":{"site-sidebar-layout":"default","site-content-layout":"","ast-site-content-layout":"","site-content-style":"default","site-sidebar-style":"default","ast-global-header-display":"","ast-banner-title-visibility":"","ast-main-header-display":"","ast-hfb-above-header-display":"","ast-hfb-below-header-display":"","ast-hfb-mobile-header-display":"","site-post-title":"disabled","ast-breadcrumbs-content":"","ast-featured-img":"","footer-sml-layout":"","theme-transparent-header-meta":"","adv-header-id-meta":"","stick-header-meta":"","header-above-stick-meta":"","header-main-stick-meta":"","header-below-stick-meta":"","astra-migrate-meta-layouts":"default","ast-page-background-enabled":"default","ast-page-background-meta":{"desktop":{"background-color":"var(--ast-global-color-5)","background-image":"","background-repeat":"repeat","background-position":"center center","background-size":"auto","background-attachment":"scroll","background-type":"","background-media":"","overlay-type":"","overlay-color":"","overlay-opacity":"","overlay-gradient":""},"tablet":{"background-color":"","background-image":"","background-repeat":"repeat","background-position":"center center","background-size":"auto","background-attachment":"scroll","background-type":"","background-media":"","overlay-type":"","overlay-color":"","overlay-opacity":"","overlay-gradient":""},"mobile":{"background-color":"","background-image":"","background-repeat":"repeat","background-position":"center center","background-size":"auto","background-attachment":"scroll","background-type":"","background-media":"","overlay-type":"","overlay-color":"","overlay-opacity":"","overlay-gradient":""}},"ast-content-background-meta":{"desktop":{"background-color":"var(--ast-global-color-4)","background-image":"","background-repeat":"repeat","background-position":"center center","background-size":"auto","background-attachment":"scroll","background-type":"","background-media":"","overlay-type":"","overlay-color":"","overlay-opacity":"","overlay-gradient":""},"tablet":{"background-color":"var(--ast-global-color-4)","background-image":"","background-repeat":"repeat","background-position":"center center","background-size":"auto","background-attachment":"scroll","background-type":"","background-media":"","overlay-type":"","overlay-color":"","overlay-opacity":"","overlay-gradient":""},"mobile":{"background-color":"var(--ast-global-color-4)","background-image":"","background-repeat":"repeat","background-position":"center center","background-size":"auto","background-attachment":"scroll","background-type":"","background-media":"","overlay-type":"","overlay-color":"","overlay-opacity":"","overlay-gradient":""}},"footnotes":""},"class_list":["post-2700","page","type-page","status-publish","hentry"],"_links":{"self":[{"href":"https:\/\/www.vienne-en-transition.fr\/index.php\/wp-json\/wp\/v2\/pages\/2700","targetHints":{"allow":["GET"]}}],"collection":[{"href":"https:\/\/www.vienne-en-transition.fr\/index.php\/wp-json\/wp\/v2\/pages"}],"about":[{"href":"https:\/\/www.vienne-en-transition.fr\/index.php\/wp-json\/wp\/v2\/types\/page"}],"author":[{"embeddable":true,"href":"https:\/\/www.vienne-en-transition.fr\/index.php\/wp-json\/wp\/v2\/users\/1"}],"replies":[{"embeddable":true,"href":"https:\/\/www.vienne-en-transition.fr\/index.php\/wp-json\/wp\/v2\/comments?post=2700"}],"version-history":[{"count":13,"href":"https:\/\/www.vienne-en-transition.fr\/index.php\/wp-json\/wp\/v2\/pages\/2700\/revisions"}],"predecessor-version":[{"id":2878,"href":"https:\/\/www.vienne-en-transition.fr\/index.php\/wp-json\/wp\/v2\/pages\/2700\/revisions\/2878"}],"wp:attachment":[{"href":"https:\/\/www.vienne-en-transition.fr\/index.php\/wp-json\/wp\/v2\/media?parent=2700"}],"curies":[{"name":"wp","href":"https:\/\/api.w.org\/{rel}","templated":true}]}}