{"id":2696,"date":"2025-01-23T13:51:54","date_gmt":"2025-01-23T12:51:54","guid":{"rendered":"https:\/\/www.vienne-en-transition.fr\/?page_id=2696"},"modified":"2025-01-31T12:27:32","modified_gmt":"2025-01-31T11:27:32","slug":"gregory-vouhe-3","status":"publish","type":"page","link":"https:\/\/www.vienne-en-transition.fr\/index.php\/gregory-vouhe-3\/","title":{"rendered":"Gr\u00e9gory Vouh\u00e9 (Poitiers 3)"},"content":{"rendered":"\n<div class=\"wp-block-columns is-layout-flex wp-container-core-columns-is-layout-28f84493 wp-block-columns-is-layout-flex\">\n<div class=\"wp-block-column is-layout-flow wp-block-column-is-layout-flow\" style=\"flex-basis:25%\"><\/div>\n\n\n\n<div class=\"wp-block-column is-layout-flow wp-block-column-is-layout-flow\">\n<h3 class=\"wp-block-heading has-text-align-center\">Gr\u00e9gory Vouh\u00e9 &#8211; Conseiller d\u00e9partemental<\/h3>\n\n\n\n<figure class=\"wp-block-image aligncenter size-large is-resized\"><img loading=\"lazy\" decoding=\"async\" width=\"1024\" height=\"1005\" src=\"https:\/\/www.vienne-en-transition.fr\/wp-content\/uploads\/2021\/11\/Vouhe\u0301-scaled-e1636539838769-1024x1005.jpg\" alt=\"\" class=\"wp-image-2100\" style=\"width:255px;height:auto\" srcset=\"https:\/\/www.vienne-en-transition.fr\/wp-content\/uploads\/2021\/11\/Vouhe\u0301-scaled-e1636539838769-1024x1005.jpg 1024w, https:\/\/www.vienne-en-transition.fr\/wp-content\/uploads\/2021\/11\/Vouhe\u0301-scaled-e1636539838769-300x295.jpg 300w, https:\/\/www.vienne-en-transition.fr\/wp-content\/uploads\/2021\/11\/Vouhe\u0301-scaled-e1636539838769-768x754.jpg 768w, https:\/\/www.vienne-en-transition.fr\/wp-content\/uploads\/2021\/11\/Vouhe\u0301-scaled-e1636539838769-1536x1508.jpg 1536w, https:\/\/www.vienne-en-transition.fr\/wp-content\/uploads\/2021\/11\/Vouhe\u0301-scaled-e1636539838769.jpg 1707w\" sizes=\"auto, (max-width: 1024px) 100vw, 1024px\" \/><\/figure>\n\n\n\n<p class=\"has-text-align-center\">Gr\u00e9gory Vouh\u00e9 est historien de l\u2019art, r\u00e9dacteur de la revue <br>L\u2019Actualit\u00e9 Nouvelle-Aquitaine.<\/p>\n\n\n\n<div class=\"wp-block-group is-layout-constrained wp-block-group-is-layout-constrained\">\n<figure class=\"wp-block-image aligncenter is-resized is-style-rounded\"><a href=\"https:\/\/www.facebook.com\/gregory.vouhe\"><img loading=\"lazy\" decoding=\"async\" width=\"200\" height=\"200\" src=\"https:\/\/www.vienne-en-transition.fr\/wp-content\/uploads\/2021\/05\/picto-facebook.png\" alt=\"Facebook\" class=\"wp-image-1875\" style=\"width:32px;height:auto\" srcset=\"https:\/\/www.vienne-en-transition.fr\/wp-content\/uploads\/2021\/05\/picto-facebook.png 200w, https:\/\/www.vienne-en-transition.fr\/wp-content\/uploads\/2021\/05\/picto-facebook-150x150.png 150w, https:\/\/www.vienne-en-transition.fr\/wp-content\/uploads\/2021\/05\/picto-facebook-100x100.png 100w\" sizes=\"auto, (max-width: 200px) 100vw, 200px\" \/><\/a><\/figure>\n<\/div>\n<\/div>\n\n\n\n<div class=\"wp-block-column is-layout-flow wp-block-column-is-layout-flow\" style=\"flex-basis:25%\"><\/div>\n<\/div>\n\n\n\n<div class=\"wp-block-columns is-layout-flex wp-container-core-columns-is-layout-28f84493 wp-block-columns-is-layout-flex\">\n<div class=\"wp-block-column is-layout-flow wp-block-column-is-layout-flow\">\n<p class=\"has-text-align-left\"><strong>Au Conseil d\u00e9partemental, il est membre de :<\/strong><br>\u2013 la Commission permanente,<br>\u2013 la commission Climat et D\u00e9veloppement durable,<br>\u2013 la commission Habitat, Logement,<br>\u2013 la commission Culture et \u00e9v\u00e9nementiel,<br>\u2013 la commission des Finances<\/p>\n<\/div>\n\n\n\n<div class=\"wp-block-column is-layout-flow wp-block-column-is-layout-flow\">\n<p><strong>En tant que Conseiller d\u00e9partemental, il si\u00e8ge : <\/strong><br>\u2013 au Coll\u00e8ge public du Jardin des Plantes \u00e0 Poitiers,<br>\u2013 au Coll\u00e8ge public Henri IV \u00e0 Poitiers,<br>\u2013 au Comit\u00e9 responsable du Plan d\u00e9partemental d\u2019action pour le logement et l\u2019h\u00e9bergement des personnes d\u00e9favoris\u00e9es (PDALHPD),<br>\u2013 \u00e0 la Commission d\u2019appel \u00e0 Projets Patrimoine,<br>\u2013 \u00e0 la Commission d\u00e9partementale des risques naturels majeurs<\/p>\n<\/div>\n<\/div>\n\n\n\n<div class=\"wp-block-columns is-layout-flex wp-container-core-columns-is-layout-28f84493 wp-block-columns-is-layout-flex\">\n<div class=\"wp-block-column is-layout-flow wp-block-column-is-layout-flow\">\n<p class=\"has-text-align-center\"><strong>Le canton de Poitiers 3 : <\/strong><br>Le canton de Poitiers 3 regroupe l&rsquo;essentiel du centre ville, une partie du Pont-Neuf, des Couronneries, Montbernage, Saint-\u00c9loi et le Breuil-Mingot.\u00a0<\/p>\n\n\n\n<p class=\"has-text-align-center\">Sur ce canton, le bin\u00f4me Florence HARRIS \u2013 Gr\u00e9gory VOUH\u00c9 a \u00e9t\u00e9 \u00e9lu le 27 juin 2021. Leur mandat va durer presque 7 ans, jusqu\u2019en mars 2028.<\/p>\n\n\n\n<p class=\"has-text-align-center\"><em><strong>Cliquez sur la carte pour l&rsquo;agrandir<\/strong><\/em><\/p>\n<\/div>\n\n\n\n<div class=\"wp-block-column is-layout-flow wp-block-column-is-layout-flow\">\n<figure data-wp-context=\"{&quot;imageId&quot;:&quot;69e1e57e6ec26&quot;}\" data-wp-interactive=\"core\/image\" data-wp-key=\"69e1e57e6ec26\" class=\"wp-block-image size-large wp-lightbox-container\"><img loading=\"lazy\" decoding=\"async\" width=\"1024\" height=\"545\" data-wp-class--hide=\"state.isContentHidden\" data-wp-class--show=\"state.isContentVisible\" data-wp-init=\"callbacks.setButtonStyles\" data-wp-on--click=\"actions.showLightbox\" data-wp-on--load=\"callbacks.setButtonStyles\" data-wp-on-window--resize=\"callbacks.setButtonStyles\" src=\"https:\/\/www.vienne-en-transition.fr\/wp-content\/uploads\/2022\/02\/canton3-1024x545.jpg\" alt=\"\" class=\"wp-image-2189\" srcset=\"https:\/\/www.vienne-en-transition.fr\/wp-content\/uploads\/2022\/02\/canton3-1024x545.jpg 1024w, https:\/\/www.vienne-en-transition.fr\/wp-content\/uploads\/2022\/02\/canton3-300x160.jpg 300w, https:\/\/www.vienne-en-transition.fr\/wp-content\/uploads\/2022\/02\/canton3-768x409.jpg 768w, https:\/\/www.vienne-en-transition.fr\/wp-content\/uploads\/2022\/02\/canton3-1536x817.jpg 1536w, https:\/\/www.vienne-en-transition.fr\/wp-content\/uploads\/2022\/02\/canton3-2048x1090.jpg 2048w\" sizes=\"auto, (max-width: 1024px) 100vw, 1024px\" \/><button\n\t\t\tclass=\"lightbox-trigger\"\n\t\t\ttype=\"button\"\n\t\t\taria-haspopup=\"dialog\"\n\t\t\taria-label=\"Agrandir\"\n\t\t\tdata-wp-init=\"callbacks.initTriggerButton\"\n\t\t\tdata-wp-on--click=\"actions.showLightbox\"\n\t\t\tdata-wp-style--right=\"state.imageButtonRight\"\n\t\t\tdata-wp-style--top=\"state.imageButtonTop\"\n\t\t>\n\t\t\t<svg xmlns=\"http:\/\/www.w3.org\/2000\/svg\" width=\"12\" height=\"12\" fill=\"none\" viewBox=\"0 0 12 12\">\n\t\t\t\t<path fill=\"#fff\" d=\"M2 0a2 2 0 0 0-2 2v2h1.5V2a.5.5 0 0 1 .5-.5h2V0H2Zm2 10.5H2a.5.5 0 0 1-.5-.5V8H0v2a2 2 0 0 0 2 2h2v-1.5ZM8 12v-1.5h2a.5.5 0 0 0 .5-.5V8H12v2a2 2 0 0 1-2 2H8Zm2-12a2 2 0 0 1 2 2v2h-1.5V2a.5.5 0 0 0-.5-.5H8V0h2Z\" \/>\n\t\t\t<\/svg>\n\t\t<\/button><\/figure>\n<\/div>\n<\/div>\n","protected":false},"excerpt":{"rendered":"<p>Gr\u00e9gory Vouh\u00e9 &#8211; Conseiller d\u00e9partemental Gr\u00e9gory Vouh\u00e9 est historien de l\u2019art, r\u00e9dacteur de la revue L\u2019Actualit\u00e9 Nouvelle-Aquitaine. Au Conseil d\u00e9partemental, [&hellip;]<\/p>\n","protected":false},"author":1,"featured_media":0,"parent":0,"menu_order":0,"comment_status":"closed","ping_status":"closed","template":"","meta":{"site-sidebar-layout":"default","site-content-layout":"","ast-site-content-layout":"","site-content-style":"default","site-sidebar-style":"default","ast-global-header-display":"","ast-banner-title-visibility":"","ast-main-header-display":"","ast-hfb-above-header-display":"","ast-hfb-below-header-display":"","ast-hfb-mobile-header-display":"","site-post-title":"disabled","ast-breadcrumbs-content":"","ast-featured-img":"","footer-sml-layout":"","theme-transparent-header-meta":"","adv-header-id-meta":"","stick-header-meta":"","header-above-stick-meta":"","header-main-stick-meta":"","header-below-stick-meta":"","astra-migrate-meta-layouts":"default","ast-page-background-enabled":"default","ast-page-background-meta":{"desktop":{"background-color":"var(--ast-global-color-5)","background-image":"","background-repeat":"repeat","background-position":"center center","background-size":"auto","background-attachment":"scroll","background-type":"","background-media":"","overlay-type":"","overlay-color":"","overlay-opacity":"","overlay-gradient":""},"tablet":{"background-color":"","background-image":"","background-repeat":"repeat","background-position":"center center","background-size":"auto","background-attachment":"scroll","background-type":"","background-media":"","overlay-type":"","overlay-color":"","overlay-opacity":"","overlay-gradient":""},"mobile":{"background-color":"","background-image":"","background-repeat":"repeat","background-position":"center center","background-size":"auto","background-attachment":"scroll","background-type":"","background-media":"","overlay-type":"","overlay-color":"","overlay-opacity":"","overlay-gradient":""}},"ast-content-background-meta":{"desktop":{"background-color":"var(--ast-global-color-4)","background-image":"","background-repeat":"repeat","background-position":"center center","background-size":"auto","background-attachment":"scroll","background-type":"","background-media":"","overlay-type":"","overlay-color":"","overlay-opacity":"","overlay-gradient":""},"tablet":{"background-color":"var(--ast-global-color-4)","background-image":"","background-repeat":"repeat","background-position":"center center","background-size":"auto","background-attachment":"scroll","background-type":"","background-media":"","overlay-type":"","overlay-color":"","overlay-opacity":"","overlay-gradient":""},"mobile":{"background-color":"var(--ast-global-color-4)","background-image":"","background-repeat":"repeat","background-position":"center center","background-size":"auto","background-attachment":"scroll","background-type":"","background-media":"","overlay-type":"","overlay-color":"","overlay-opacity":"","overlay-gradient":""}},"footnotes":""},"class_list":["post-2696","page","type-page","status-publish","hentry"],"_links":{"self":[{"href":"https:\/\/www.vienne-en-transition.fr\/index.php\/wp-json\/wp\/v2\/pages\/2696","targetHints":{"allow":["GET"]}}],"collection":[{"href":"https:\/\/www.vienne-en-transition.fr\/index.php\/wp-json\/wp\/v2\/pages"}],"about":[{"href":"https:\/\/www.vienne-en-transition.fr\/index.php\/wp-json\/wp\/v2\/types\/page"}],"author":[{"embeddable":true,"href":"https:\/\/www.vienne-en-transition.fr\/index.php\/wp-json\/wp\/v2\/users\/1"}],"replies":[{"embeddable":true,"href":"https:\/\/www.vienne-en-transition.fr\/index.php\/wp-json\/wp\/v2\/comments?post=2696"}],"version-history":[{"count":12,"href":"https:\/\/www.vienne-en-transition.fr\/index.php\/wp-json\/wp\/v2\/pages\/2696\/revisions"}],"predecessor-version":[{"id":2863,"href":"https:\/\/www.vienne-en-transition.fr\/index.php\/wp-json\/wp\/v2\/pages\/2696\/revisions\/2863"}],"wp:attachment":[{"href":"https:\/\/www.vienne-en-transition.fr\/index.php\/wp-json\/wp\/v2\/media?parent=2696"}],"curies":[{"name":"wp","href":"https:\/\/api.w.org\/{rel}","templated":true}]}}