{"id":2691,"date":"2025-01-23T13:36:24","date_gmt":"2025-01-23T12:36:24","guid":{"rendered":"https:\/\/www.vienne-en-transition.fr\/?page_id=2691"},"modified":"2025-01-31T11:50:50","modified_gmt":"2025-01-31T10:50:50","slug":"sarah-rhallab-2","status":"publish","type":"page","link":"https:\/\/www.vienne-en-transition.fr\/index.php\/sarah-rhallab-2\/","title":{"rendered":"Sarah Rhallab (Poitiers 2)"},"content":{"rendered":"\n<div class=\"wp-block-columns is-layout-flex wp-container-core-columns-is-layout-28f84493 wp-block-columns-is-layout-flex\">\n<div class=\"wp-block-column is-layout-flow wp-block-column-is-layout-flow\" style=\"flex-basis:25%\"><\/div>\n\n\n\n<div class=\"wp-block-column is-layout-flow wp-block-column-is-layout-flow\" style=\"flex-basis:50%\">\n<h3 class=\"wp-block-heading has-text-align-center\">Sarah Rhallab &#8211; Conseill\u00e8re d\u00e9partementale<\/h3>\n\n\n\n<figure class=\"wp-block-image aligncenter size-large is-resized\"><img loading=\"lazy\" decoding=\"async\" width=\"1024\" height=\"970\" src=\"https:\/\/www.vienne-en-transition.fr\/wp-content\/uploads\/2021\/11\/Rhallab2-scaled-e1636539822978-1024x970.jpg\" alt=\"\" class=\"wp-image-2099\" style=\"width:248px;height:auto\" srcset=\"https:\/\/www.vienne-en-transition.fr\/wp-content\/uploads\/2021\/11\/Rhallab2-scaled-e1636539822978-1024x970.jpg 1024w, https:\/\/www.vienne-en-transition.fr\/wp-content\/uploads\/2021\/11\/Rhallab2-scaled-e1636539822978-300x284.jpg 300w, https:\/\/www.vienne-en-transition.fr\/wp-content\/uploads\/2021\/11\/Rhallab2-scaled-e1636539822978-768x727.jpg 768w, https:\/\/www.vienne-en-transition.fr\/wp-content\/uploads\/2021\/11\/Rhallab2-scaled-e1636539822978-1536x1454.jpg 1536w, https:\/\/www.vienne-en-transition.fr\/wp-content\/uploads\/2021\/11\/Rhallab2-scaled-e1636539822978.jpg 1696w\" sizes=\"auto, (max-width: 1024px) 100vw, 1024px\" \/><\/figure>\n\n\n\n<p class=\"has-text-align-center\">\u00c9tudiante en Master 2 Management et Administration des Entreprises,<br>Collaboratrice Juridique chez Theoma<\/p>\n\n\n\n<figure class=\"wp-block-image aligncenter is-resized is-style-rounded\"><a href=\"https:\/\/www.facebook.com\/sarah.rhallab1\"><img loading=\"lazy\" decoding=\"async\" width=\"200\" height=\"200\" src=\"https:\/\/www.vienne-en-transition.fr\/wp-content\/uploads\/2021\/05\/picto-facebook.png\" alt=\"Facebook\" class=\"wp-image-1875\" style=\"width:32px;height:auto\" srcset=\"https:\/\/www.vienne-en-transition.fr\/wp-content\/uploads\/2021\/05\/picto-facebook.png 200w, https:\/\/www.vienne-en-transition.fr\/wp-content\/uploads\/2021\/05\/picto-facebook-150x150.png 150w, https:\/\/www.vienne-en-transition.fr\/wp-content\/uploads\/2021\/05\/picto-facebook-100x100.png 100w\" sizes=\"auto, (max-width: 200px) 100vw, 200px\" \/><\/a><\/figure>\n<\/div>\n\n\n\n<div class=\"wp-block-column is-layout-flow wp-block-column-is-layout-flow\" style=\"flex-basis:25%\"><\/div>\n<\/div>\n\n\n\n<div class=\"wp-block-columns is-layout-flex wp-container-core-columns-is-layout-28f84493 wp-block-columns-is-layout-flex\">\n<div class=\"wp-block-column is-layout-flow wp-block-column-is-layout-flow\">\n<p><strong>Au Conseil d\u00e9partemental, elle est membre de :<\/strong><br>\u2013 la Commission permanente,<br>\u2013 la commission Am\u00e9nagement et Inclusion num\u00e9riques,<br>\u2013 la commission Insertion, Emploi, P\u00f4les \u00e9conomiques,<br>\u2013 la commission Jeunesse, Sport, Citoyennet\u00e9,<br>\u2013 la commission des Finances<\/p>\n<\/div>\n\n\n\n<div class=\"wp-block-column is-layout-flow wp-block-column-is-layout-flow\" style=\"flex-basis:420px\">\n<p><strong>En tant que conseill\u00e8re d\u00e9partementale, elle si\u00e8ge :<br><\/strong>\u2013 au Coll\u00e8ge public Jules Verne de Buxerolles,<br>\u2013 au Coll\u00e8ge public Pierre de Ronsard de Poitiers,<br>\u2013 au Conseil Acad\u00e9mique de l\u2019\u00c9ducation Nationale (CAEN),<br>\u2013 au Conseil D\u00e9partemental de l\u2019Education Nationale (CDEN),<br>\u2013 au Fonds d\u00e9partemental d\u2019aide aux acc\u00e9dants \u00e0 la propri\u00e9t\u00e9 en difficult\u00e9 (FDAC 86),<br>\u2013 au Comit\u00e9 responsable du Plan D\u00e9partemental d\u2019Action pour le Logement et l\u2019H\u00e9bergement des Personnes D\u00e9favoris\u00e9es (PDALHPD)<\/p>\n<\/div>\n<\/div>\n\n\n\n<div class=\"wp-block-columns is-layout-flex wp-container-core-columns-is-layout-28f84493 wp-block-columns-is-layout-flex\">\n<div class=\"wp-block-column is-layout-flow wp-block-column-is-layout-flow\">\n<p class=\"has-text-align-center\"><strong>Le canton Poitiers 2 : <\/strong><br>Le canton Poitiers 2 regroupe le quartier des Couronneries, une partie des deux quartiers de Poitiers Ouest (Poitiers Nord-Ouest et Faubourg Ouest) ainsi que la commune de Buxerolles dans sa totalit\u00e9.<\/p>\n\n\n\n<p class=\"has-text-align-center\">Sur ce canton, le bin\u00f4me Ludovic DEVERGNE &#8211; Sarah RHALLAB a \u00e9t\u00e9 \u00e9lu lors des \u00e9lections d\u00e9partementales des 20 et 27 juin 2021. Leur mandat va durer presque 7 ans, jusqu&rsquo;en mars 2028.<\/p>\n\n\n\n<p class=\"has-text-align-center\"><em><strong>Cliquez sur la carte pour l\u2019agrandir<\/strong><\/em><\/p>\n\n\n\n<figure data-wp-context=\"{&quot;imageId&quot;:&quot;69e1d7e1ec829&quot;}\" data-wp-interactive=\"core\/image\" data-wp-key=\"69e1d7e1ec829\" class=\"wp-block-image size-large wp-lightbox-container\"><img loading=\"lazy\" decoding=\"async\" width=\"1024\" height=\"545\" data-wp-class--hide=\"state.isContentHidden\" data-wp-class--show=\"state.isContentVisible\" data-wp-init=\"callbacks.setButtonStyles\" data-wp-on--click=\"actions.showLightbox\" data-wp-on--load=\"callbacks.setButtonStyles\" data-wp-on-window--resize=\"callbacks.setButtonStyles\" src=\"https:\/\/www.vienne-en-transition.fr\/wp-content\/uploads\/2022\/02\/canton2-1024x545.jpg\" alt=\"\" class=\"wp-image-2185\" srcset=\"https:\/\/www.vienne-en-transition.fr\/wp-content\/uploads\/2022\/02\/canton2-1024x545.jpg 1024w, https:\/\/www.vienne-en-transition.fr\/wp-content\/uploads\/2022\/02\/canton2-300x160.jpg 300w, https:\/\/www.vienne-en-transition.fr\/wp-content\/uploads\/2022\/02\/canton2-768x409.jpg 768w, https:\/\/www.vienne-en-transition.fr\/wp-content\/uploads\/2022\/02\/canton2-1536x817.jpg 1536w, https:\/\/www.vienne-en-transition.fr\/wp-content\/uploads\/2022\/02\/canton2-2048x1090.jpg 2048w\" sizes=\"auto, (max-width: 1024px) 100vw, 1024px\" \/><button\n\t\t\tclass=\"lightbox-trigger\"\n\t\t\ttype=\"button\"\n\t\t\taria-haspopup=\"dialog\"\n\t\t\taria-label=\"Agrandir\"\n\t\t\tdata-wp-init=\"callbacks.initTriggerButton\"\n\t\t\tdata-wp-on--click=\"actions.showLightbox\"\n\t\t\tdata-wp-style--right=\"state.imageButtonRight\"\n\t\t\tdata-wp-style--top=\"state.imageButtonTop\"\n\t\t>\n\t\t\t<svg xmlns=\"http:\/\/www.w3.org\/2000\/svg\" width=\"12\" height=\"12\" fill=\"none\" viewBox=\"0 0 12 12\">\n\t\t\t\t<path fill=\"#fff\" d=\"M2 0a2 2 0 0 0-2 2v2h1.5V2a.5.5 0 0 1 .5-.5h2V0H2Zm2 10.5H2a.5.5 0 0 1-.5-.5V8H0v2a2 2 0 0 0 2 2h2v-1.5ZM8 12v-1.5h2a.5.5 0 0 0 .5-.5V8H12v2a2 2 0 0 1-2 2H8Zm2-12a2 2 0 0 1 2 2v2h-1.5V2a.5.5 0 0 0-.5-.5H8V0h2Z\" \/>\n\t\t\t<\/svg>\n\t\t<\/button><\/figure>\n\n\n\n<p class=\"has-text-align-left\"><\/p>\n<\/div>\n\n\n\n<div class=\"wp-block-column is-layout-flow wp-block-column-is-layout-flow\">\n<h3 class=\"wp-block-heading has-text-align-center\">Anne Joulain \u2013 Rempla\u00e7ante<\/h3>\n\n\n\n<figure class=\"wp-block-image aligncenter size-full is-resized\"><img loading=\"lazy\" decoding=\"async\" width=\"243\" height=\"243\" src=\"https:\/\/www.vienne-en-transition.fr\/wp-content\/uploads\/2021\/05\/profil-ajoulain.jpg\" alt=\"\" class=\"wp-image-1759\" style=\"width:242px;height:auto\" srcset=\"https:\/\/www.vienne-en-transition.fr\/wp-content\/uploads\/2021\/05\/profil-ajoulain.jpg 243w, https:\/\/www.vienne-en-transition.fr\/wp-content\/uploads\/2021\/05\/profil-ajoulain-150x150.jpg 150w, https:\/\/www.vienne-en-transition.fr\/wp-content\/uploads\/2021\/05\/profil-ajoulain-100x100.jpg 100w\" sizes=\"auto, (max-width: 243px) 100vw, 243px\" \/><\/figure>\n\n\n\n<p class=\"has-text-align-center\">Habitante de Poitiers Ouest.<br>Enseignante chercheuse \u00e0 l\u2019Universit\u00e9 de Poitiers. Militante syndicale. Ancienne conseill\u00e8re municipale de Poitiers d\u00e9l\u00e9gu\u00e9e \u00e0 la petite enfance et \u00e0 la sant\u00e9 (2008-2014).<\/p>\n<\/div>\n<\/div>\n","protected":false},"excerpt":{"rendered":"<p>Sarah Rhallab &#8211; Conseill\u00e8re d\u00e9partementale \u00c9tudiante en Master 2 Management et Administration des Entreprises,Collaboratrice Juridique chez Theoma Au Conseil d\u00e9partemental, [&hellip;]<\/p>\n","protected":false},"author":1,"featured_media":0,"parent":0,"menu_order":0,"comment_status":"closed","ping_status":"closed","template":"","meta":{"site-sidebar-layout":"default","site-content-layout":"","ast-site-content-layout":"","site-content-style":"default","site-sidebar-style":"default","ast-global-header-display":"","ast-banner-title-visibility":"","ast-main-header-display":"","ast-hfb-above-header-display":"","ast-hfb-below-header-display":"","ast-hfb-mobile-header-display":"","site-post-title":"disabled","ast-breadcrumbs-content":"","ast-featured-img":"","footer-sml-layout":"","theme-transparent-header-meta":"","adv-header-id-meta":"","stick-header-meta":"","header-above-stick-meta":"","header-main-stick-meta":"","header-below-stick-meta":"","astra-migrate-meta-layouts":"default","ast-page-background-enabled":"default","ast-page-background-meta":{"desktop":{"background-color":"var(--ast-global-color-5)","background-image":"","background-repeat":"repeat","background-position":"center center","background-size":"auto","background-attachment":"scroll","background-type":"","background-media":"","overlay-type":"","overlay-color":"","overlay-opacity":"","overlay-gradient":""},"tablet":{"background-color":"","background-image":"","background-repeat":"repeat","background-position":"center center","background-size":"auto","background-attachment":"scroll","background-type":"","background-media":"","overlay-type":"","overlay-color":"","overlay-opacity":"","overlay-gradient":""},"mobile":{"background-color":"","background-image":"","background-repeat":"repeat","background-position":"center center","background-size":"auto","background-attachment":"scroll","background-type":"","background-media":"","overlay-type":"","overlay-color":"","overlay-opacity":"","overlay-gradient":""}},"ast-content-background-meta":{"desktop":{"background-color":"var(--ast-global-color-4)","background-image":"","background-repeat":"repeat","background-position":"center center","background-size":"auto","background-attachment":"scroll","background-type":"","background-media":"","overlay-type":"","overlay-color":"","overlay-opacity":"","overlay-gradient":""},"tablet":{"background-color":"var(--ast-global-color-4)","background-image":"","background-repeat":"repeat","background-position":"center center","background-size":"auto","background-attachment":"scroll","background-type":"","background-media":"","overlay-type":"","overlay-color":"","overlay-opacity":"","overlay-gradient":""},"mobile":{"background-color":"var(--ast-global-color-4)","background-image":"","background-repeat":"repeat","background-position":"center center","background-size":"auto","background-attachment":"scroll","background-type":"","background-media":"","overlay-type":"","overlay-color":"","overlay-opacity":"","overlay-gradient":""}},"footnotes":""},"class_list":["post-2691","page","type-page","status-publish","hentry"],"_links":{"self":[{"href":"https:\/\/www.vienne-en-transition.fr\/index.php\/wp-json\/wp\/v2\/pages\/2691","targetHints":{"allow":["GET"]}}],"collection":[{"href":"https:\/\/www.vienne-en-transition.fr\/index.php\/wp-json\/wp\/v2\/pages"}],"about":[{"href":"https:\/\/www.vienne-en-transition.fr\/index.php\/wp-json\/wp\/v2\/types\/page"}],"author":[{"embeddable":true,"href":"https:\/\/www.vienne-en-transition.fr\/index.php\/wp-json\/wp\/v2\/users\/1"}],"replies":[{"embeddable":true,"href":"https:\/\/www.vienne-en-transition.fr\/index.php\/wp-json\/wp\/v2\/comments?post=2691"}],"version-history":[{"count":11,"href":"https:\/\/www.vienne-en-transition.fr\/index.php\/wp-json\/wp\/v2\/pages\/2691\/revisions"}],"predecessor-version":[{"id":2860,"href":"https:\/\/www.vienne-en-transition.fr\/index.php\/wp-json\/wp\/v2\/pages\/2691\/revisions\/2860"}],"wp:attachment":[{"href":"https:\/\/www.vienne-en-transition.fr\/index.php\/wp-json\/wp\/v2\/media?parent=2691"}],"curies":[{"name":"wp","href":"https:\/\/api.w.org\/{rel}","templated":true}]}}