{"id":2638,"date":"2025-01-20T13:14:31","date_gmt":"2025-01-20T12:14:31","guid":{"rendered":"https:\/\/www.vienne-en-transition.fr\/?page_id=2638"},"modified":"2025-10-27T15:14:16","modified_gmt":"2025-10-27T14:14:16","slug":"la-presse-en-parle","status":"publish","type":"page","link":"https:\/\/www.vienne-en-transition.fr\/index.php\/la-presse-en-parle\/","title":{"rendered":"La presse en parle !"},"content":{"rendered":"\n<h2 class=\"wp-block-heading\">Nouvelle R\u00e9publique du 18 octobre<\/h2>\n\n\n\n<figure class=\"wp-block-image size-full\"><img loading=\"lazy\" decoding=\"async\" width=\"956\" height=\"595\" src=\"https:\/\/www.vienne-en-transition.fr\/wp-content\/uploads\/2025\/10\/irrigation.png\" alt=\"Les usages de l'eau potable font d\u00e9bat entre la droite d\u00e9partementale et La Vienne en transition, qui s'oppose \u00e0 ce qu'on &quot;\u00a0privil\u00e9gie les int\u00e9r\u00eats de l'agro-industrie et des gros irrigants\u00a0&quot;.\" class=\"wp-image-3064\" srcset=\"https:\/\/www.vienne-en-transition.fr\/wp-content\/uploads\/2025\/10\/irrigation.png 956w, https:\/\/www.vienne-en-transition.fr\/wp-content\/uploads\/2025\/10\/irrigation-300x187.png 300w, https:\/\/www.vienne-en-transition.fr\/wp-content\/uploads\/2025\/10\/irrigation-768x478.png 768w\" sizes=\"auto, (max-width: 956px) 100vw, 956px\" \/><\/figure>\n\n\n\n<p>L&rsquo;\u00e9viction de Fran\u00e7ois Bock de la pr\u00e9sidence de la commission locale de l&rsquo;eau par sa propre majorit\u00e9 du conseil d\u00e9partemental a \u00e9t\u00e9 \u00e0 l&rsquo;origine quelques passes d&rsquo;armes en commission permanente, le 17&nbsp;octobre 2025. Gr\u00e9gory Vouh\u00e9 a critiqu\u00e9 cette d\u00e9cision, qui confirmait \u00e0 ses yeux que l&rsquo;int\u00e9r\u00eat g\u00e9n\u00e9ral de la population de la Vienne \u00e9tait bafou\u00e9 par les d\u00e9cisions du d\u00e9partement. <a href=\"https:\/\/www.lanouvellerepublique.fr\/poitiers\/la-gestion-de-l-eau-continue-de-faire-des-vagues-au-departement-de-la-vienne-1760725079\">La NR en a rendu compte dans son \u00e9dition du 18&nbsp;octobre&nbsp;2025.<\/a><br>Dans le m\u00eame article, l&rsquo;opposition du groupe au subventionnement massif de l&rsquo;association <em>La Vienne tourisme d&rsquo;affaires <\/em>est \u00e9galement mise en avant.<\/p>\n\n\n\n<div class=\"wp-block-group is-layout-constrained wp-block-group-is-layout-constrained\">\n<h2 class=\"wp-block-heading\">Nouvelle-R\u00e9publique du 22 mai 2025<\/h2>\n\n\n\n<figure class=\"wp-block-image size-full is-resized\"><img loading=\"lazy\" decoding=\"async\" width=\"1020\" height=\"573\" src=\"https:\/\/www.vienne-en-transition.fr\/wp-content\/uploads\/2025\/05\/RN147-Ludo-22052025.jpg\" alt=\"\" class=\"wp-image-2988\" style=\"aspect-ratio:4\/3;object-fit:cover;width:392px\" srcset=\"https:\/\/www.vienne-en-transition.fr\/wp-content\/uploads\/2025\/05\/RN147-Ludo-22052025.jpg 1020w, https:\/\/www.vienne-en-transition.fr\/wp-content\/uploads\/2025\/05\/RN147-Ludo-22052025-300x169.jpg 300w, https:\/\/www.vienne-en-transition.fr\/wp-content\/uploads\/2025\/05\/RN147-Ludo-22052025-768x431.jpg 768w\" sizes=\"auto, (max-width: 1020px) 100vw, 1020px\" \/><\/figure>\n\n\n\n<p><strong>\u00ab&nbsp;Sans travaux \u00e0 Mignaloux, on n\u2019avancera jamais&nbsp;\u00bb&nbsp;: un risque d\u2019enlisement pour le dossier d\u2019am\u00e9nagement de la N147 : <\/strong>[&#8230;] Deux accidents mortels de trop pour Ludovic Devergne (Poitiers-2). Lors de la commission permanente du D\u00e9partement de la Vienne en date du jeudi 22&nbsp;mai, l\u2019\u00e9lu du groupe La Vienne en transition a d\u2019ailleurs remis sur la table le sempiternel projet de r\u00e9am\u00e9nagement de la route entre Poitiers et Limoges. <em>\u00ab&nbsp;Que peut-on dire aux familles des victimes&nbsp;?&nbsp;\u00bb<\/em>, lance-t-il \u00e0 toute l\u2019assembl\u00e9e. <em>\u00ab&nbsp;Ce dossier n\u2019avance pas. Nous vous demandons donc, monsieur le pr\u00e9sident, d\u2019insister aupr\u00e8s de l\u2019\u00c9tat pour que les choses avancent s\u00e9rieusement.&nbsp;\u00bb<\/em> [&#8230;] lire la suite de l&rsquo;article <a href=\"https:\/\/www.lanouvellerepublique.fr\/poitiers\/sans-travaux-a-mignaloux-on-n-avancera-jamais-un-risque-d-enlisement-pour-le-dossier-d-amenagement-de-la-n147-1747941336\">ici<\/a><\/p>\n\n\n\n<figure class=\"wp-block-image size-full is-resized\"><img loading=\"lazy\" decoding=\"async\" width=\"1020\" height=\"573\" src=\"https:\/\/www.vienne-en-transition.fr\/wp-content\/uploads\/2025\/05\/Giorgi-Florence-22052025.jpg\" alt=\"\" class=\"wp-image-2989\" style=\"aspect-ratio:4\/3;object-fit:cover;width:392px\" srcset=\"https:\/\/www.vienne-en-transition.fr\/wp-content\/uploads\/2025\/05\/Giorgi-Florence-22052025.jpg 1020w, https:\/\/www.vienne-en-transition.fr\/wp-content\/uploads\/2025\/05\/Giorgi-Florence-22052025-300x169.jpg 300w, https:\/\/www.vienne-en-transition.fr\/wp-content\/uploads\/2025\/05\/Giorgi-Florence-22052025-768x431.jpg 768w\" sizes=\"auto, (max-width: 1020px) 100vw, 1020px\" \/><\/figure>\n\n\n\n<p><strong>\u00ab&nbsp;Une mesure inhumaine et cynique&nbsp;\u00bb&nbsp;: la suppression de l\u2019allocation mensuelle temporaire fait r\u00e9agir dans la Vienne : <\/strong>[&#8230;] Mais cette formule a \u00e9t\u00e9 reprise par Florence Haris (Poitiers-3), pour d\u00e9noncer la suppression de l\u2019allocation mensuelle temporaire dans le budget 2025. [&#8230;] <em>\u00ab&nbsp;C\u2019\u00e9tait leur seule source de revenu&nbsp;\u00bb<\/em>, insiste l\u2019\u00e9lue d\u2019opposition. <em>\u00ab&nbsp;Ces familles, dont la plupart sont d\u2019origine \u00e9trang\u00e8re, n\u2019ont pas le droit aux allocations familiales, car il leur faut au minimum cinq ans de s\u00e9jour r\u00e9gulier sur le territoire. Et elles n\u2019ont aucun revenu, soit parce que les adultes n\u2019ont pas le droit de travailler, soit parce qu\u2019ils ne peuvent pas.&nbsp;\u00bb<\/em> [&#8230;] lire la suite de l&rsquo;article <a href=\"https:\/\/www.lanouvellerepublique.fr\/poitiers\/une-mesure-inhumaine-et-cynique-la-suppression-de-l-allocation-mensuelle-temporaire-fait-reagir-dans-la-vienne-1747941297\">ici<\/a><\/p>\n<\/div>\n\n\n\n<p><\/p>\n\n\n\n<div class=\"wp-block-group is-layout-constrained wp-block-group-is-layout-constrained\">\n<h2 class=\"wp-block-heading\"><strong>S\u00e9quence Midi du 15 avril 2025<\/strong><\/h2>\n\n\n\n<figure class=\"wp-block-image size-large is-resized\"><img loading=\"lazy\" decoding=\"async\" width=\"768\" height=\"1024\" src=\"https:\/\/www.vienne-en-transition.fr\/wp-content\/uploads\/2025\/04\/Ludo-Pulsar-16042025-768x1024.jpg\" alt=\"\" class=\"wp-image-2954\" style=\"aspect-ratio:4\/3;object-fit:cover;width:392px\" srcset=\"https:\/\/www.vienne-en-transition.fr\/wp-content\/uploads\/2025\/04\/Ludo-Pulsar-16042025-768x1024.jpg 768w, https:\/\/www.vienne-en-transition.fr\/wp-content\/uploads\/2025\/04\/Ludo-Pulsar-16042025-225x300.jpg 225w, https:\/\/www.vienne-en-transition.fr\/wp-content\/uploads\/2025\/04\/Ludo-Pulsar-16042025-1152x1536.jpg 1152w, https:\/\/www.vienne-en-transition.fr\/wp-content\/uploads\/2025\/04\/Ludo-Pulsar-16042025.jpg 1200w\" sizes=\"auto, (max-width: 768px) 100vw, 768px\" \/><\/figure>\n\n\n\n<p>Ludovic Devergne \u00e9tait invit\u00e9 sur Radio Pulsar pour parler du budget vot\u00e9 par le d\u00e9partement pour 2025. Retrouvez l&rsquo;\u00e9mission <a href=\"https:\/\/podcast.radio-pulsar.org\/?fbclid=IwY2xjawJu7yJleHRuA2FlbQIxMAABHjdpMB9M4fDUE1UPL0QEgxrlmWVwYrTROFzOIAgA1a578aEesVrRPgoYhD5r_aem_da0CqT38Tl2C1oyH-fAGig#31352d30342d323032352d73657175656e63656d696469\">ici <\/a>(du d\u00e9but de l&rsquo;\u00e9mission jusqu&rsquo;\u00e0 11:55)<\/p>\n<\/div>\n\n\n\n<p><\/p>\n\n\n\n<div class=\"wp-block-columns is-layout-flex wp-container-core-columns-is-layout-28f84493 wp-block-columns-is-layout-flex\">\n<div class=\"wp-block-column is-layout-flow wp-block-column-is-layout-flow\" style=\"flex-basis:100%\">\n<h2 class=\"wp-block-heading\">Centre-Presse du 12 avril 2025<\/h2>\n\n\n\n<figure class=\"wp-block-image size-full is-resized\"><img loading=\"lazy\" decoding=\"async\" width=\"1020\" height=\"573\" src=\"https:\/\/www.vienne-en-transition.fr\/wp-content\/uploads\/2025\/04\/Budget-Gregory-Historial.webp\" alt=\"\" class=\"wp-image-2951\" style=\"aspect-ratio:4\/3;object-fit:cover;width:392px\" srcset=\"https:\/\/www.vienne-en-transition.fr\/wp-content\/uploads\/2025\/04\/Budget-Gregory-Historial.webp 1020w, https:\/\/www.vienne-en-transition.fr\/wp-content\/uploads\/2025\/04\/Budget-Gregory-Historial-300x169.webp 300w, https:\/\/www.vienne-en-transition.fr\/wp-content\/uploads\/2025\/04\/Budget-Gregory-Historial-768x431.webp 768w\" sizes=\"auto, (max-width: 1020px) 100vw, 1020px\" \/><\/figure>\n\n\n\n<p><strong>D\u00e9partement de la Vienne&nbsp;: un budget 2025 de \u00ab&nbsp;responsabilit\u00e9&nbsp;\u00bb, des arbitrages remis en cause<\/strong> : [&#8230;] \u00c0 l\u2019inverse, Ludovic Devergne (Poitiers-2) n\u2019a pas compris la nouvelle contribution de 1,4&nbsp;million d\u2019euros vers\u00e9e \u00e0 l\u2019a\u00e9roport de Poitiers-Biard. <em>\u00ab&nbsp;Le syndicat mixte a d\u00e9gag\u00e9 un exc\u00e9dent de plus de 900.000&nbsp;\u20ac. On aurait pu imaginer qu\u2019il fasse un effort&nbsp;\u00bb<\/em>, insiste Ludovic Devergne. [&#8230;]<\/p>\n\n\n\n<p>La tension est mont\u00e9e d\u2019un cran lorsque Gr\u00e9gory Vouh\u00e9 (Poitiers-3) est revenu \u00e0 la charge sur le ch\u00e2teau de Monts-sur-Guesnes. <em>\u00ab&nbsp;Tout le monde compare les baisses de subvention culturelles aux sommes englouties pour l\u2019Historial dont la subvention, sup\u00e9rieure au budget des archives d\u00e9partementales, ne baisse pas. Plus de 1,8&nbsp;million depuis 2021. C\u2019est une v\u00e9ritable gabegie d\u2019argent public&nbsp;\u00bb<\/em>, l\u00e2che-t-il. [&#8230;] lire la suite de l&rsquo;article <a href=\"https:\/\/www.lanouvellerepublique.fr\/poitiers\/departement-de-la-vienne-un-budget-2025-de-responsabilite-des-arbitrages-remis-en-cause-1744394577\">ici<\/a><\/p>\n<\/div>\n<\/div>\n\n\n\n<div class=\"wp-block-columns is-layout-flex wp-container-core-columns-is-layout-28f84493 wp-block-columns-is-layout-flex\">\n<div class=\"wp-block-column is-layout-flow wp-block-column-is-layout-flow\" style=\"flex-basis:100%\">\n<h2 class=\"wp-block-heading\">Centre-Presse du 8 avril 2025<\/h2>\n\n\n\n<figure class=\"wp-block-image size-full is-resized\"><img loading=\"lazy\" decoding=\"async\" width=\"1020\" height=\"573\" src=\"https:\/\/www.vienne-en-transition.fr\/wp-content\/uploads\/2025\/04\/Budget-Ludo-08042025.webp\" alt=\"\" class=\"wp-image-2950\" style=\"aspect-ratio:4\/3;object-fit:cover;width:382px\" srcset=\"https:\/\/www.vienne-en-transition.fr\/wp-content\/uploads\/2025\/04\/Budget-Ludo-08042025.webp 1020w, https:\/\/www.vienne-en-transition.fr\/wp-content\/uploads\/2025\/04\/Budget-Ludo-08042025-300x169.webp 300w, https:\/\/www.vienne-en-transition.fr\/wp-content\/uploads\/2025\/04\/Budget-Ludo-08042025-768x431.webp 768w\" sizes=\"auto, (max-width: 1020px) 100vw, 1020px\" \/><\/figure>\n\n\n\n<p><strong>Budget 2025&nbsp;: la Vienne fait \u00ab&nbsp;le choix de l\u2019\u00e9quilibre, de la responsabilit\u00e9 et de l\u2019action&nbsp;\u00bb<\/strong> : [&#8230;] Une position d\u00e9licate pour Ludovic Devergne (Poitiers-2)&nbsp;: <em>\u00ab&nbsp;Cette forme de d\u00e9sob\u00e9issance ne nous convient pas. Nous sommes des \u00e9lus, nous devons respecter les valeurs r\u00e9publicaines&nbsp;\u00bb<\/em>, souligne l\u2019\u00e9lu d\u2019opposition.\u00bb [&#8230;] retrouvez la suite de l&rsquo;article <a href=\"https:\/\/www.lanouvellerepublique.fr\/poitiers\/budget-2025-la-vienne-fait-le-choix-de-l-equilibre-de-la-responsabilite-et-de-l-action-1744048313\">ici<\/a><\/p>\n<\/div>\n<\/div>\n\n\n\n<div class=\"wp-block-columns is-layout-flex wp-container-core-columns-is-layout-28f84493 wp-block-columns-is-layout-flex\">\n<div class=\"wp-block-column is-layout-flow wp-block-column-is-layout-flow\">\n<h2 class=\"wp-block-heading\"><strong>Le 7 info du 1er avril 2025<\/strong><\/h2>\n\n\n\n<figure class=\"wp-block-image size-large is-resized\"><img loading=\"lazy\" decoding=\"async\" width=\"1024\" height=\"640\" src=\"https:\/\/www.vienne-en-transition.fr\/wp-content\/uploads\/2025\/04\/Photo-Historial-01072025-7-info-1024x640.jpeg\" alt=\"\" class=\"wp-image-2943\" style=\"aspect-ratio:4\/3;object-fit:cover;width:382px;height:auto\" srcset=\"https:\/\/www.vienne-en-transition.fr\/wp-content\/uploads\/2025\/04\/Photo-Historial-01072025-7-info-1024x640.jpeg 1024w, https:\/\/www.vienne-en-transition.fr\/wp-content\/uploads\/2025\/04\/Photo-Historial-01072025-7-info-300x188.jpeg 300w, https:\/\/www.vienne-en-transition.fr\/wp-content\/uploads\/2025\/04\/Photo-Historial-01072025-7-info-768x480.jpeg 768w, https:\/\/www.vienne-en-transition.fr\/wp-content\/uploads\/2025\/04\/Photo-Historial-01072025-7-info.jpeg 1460w\" sizes=\"auto, (max-width: 1024px) 100vw, 1024px\" \/><\/figure>\n\n\n\n<p><strong>Le Ch\u00e2teau de Monts-sur-Guesnes loin du compte<\/strong> : [&#8230;] <em>\u00ab Le Ch\u00e2teau est sous perfusion d\u2019argent public<\/em>, d\u00e9plore Gr\u00e9gory Vouh\u00e9. <em>Le r\u00e9sultat d\u2019exploitation affiche un d\u00e9ficit cumul\u00e9 de plus de 150 000\u20ac depuis l\u2019ouverture. \u00bb<\/em> [&#8230;] retrouvez la suite de l&rsquo;article <a href=\"https:\/\/www.le7.info\/article\/25230-le-chateau-de-monts-sur-guesnes-loin-du-compte\">ici<\/a><\/p>\n<\/div>\n<\/div>\n\n\n\n<div class=\"wp-block-group is-layout-constrained wp-block-group-is-layout-constrained\">\n<h2 class=\"wp-block-heading\">Nouvelle R\u00e9publique du 20 f\u00e9vrier 2025<\/h2>\n\n\n\n<figure class=\"wp-block-image size-full is-resized\"><img loading=\"lazy\" decoding=\"async\" width=\"1020\" height=\"573\" src=\"https:\/\/www.vienne-en-transition.fr\/wp-content\/uploads\/2025\/04\/DOB-2025-20022025.webp\" alt=\"\" class=\"wp-image-2965\" style=\"aspect-ratio:4\/3;object-fit:cover;width:392px\" srcset=\"https:\/\/www.vienne-en-transition.fr\/wp-content\/uploads\/2025\/04\/DOB-2025-20022025.webp 1020w, https:\/\/www.vienne-en-transition.fr\/wp-content\/uploads\/2025\/04\/DOB-2025-20022025-300x169.webp 300w, https:\/\/www.vienne-en-transition.fr\/wp-content\/uploads\/2025\/04\/DOB-2025-20022025-768x431.webp 768w\" sizes=\"auto, (max-width: 1020px) 100vw, 1020px\" \/><\/figure>\n\n\n\n<p>\u00ab&nbsp;Des orientations budg\u00e9taires peu pr\u00e9cises&nbsp;\u00bb pour les \u00e9lus d\u2019opposition du D\u00e9partement de la Vienne : [&#8230;] <strong>Ludovic Devergne&nbsp;:<\/strong> \u00ab&nbsp;Le contexte budg\u00e9taire est difficile. Mais on a un peu l\u2019impression de revivre le film <em>Un jour sans fin<\/em> pour les d\u00e9partements et les collectivit\u00e9s locales. Nous ne sommes pas convaincus par les orientations budg\u00e9taires, qui sont assez peu pr\u00e9cises voire floues. On a eu une proposition essentiellement financi\u00e8re. \u00catre gestionnaire, c\u2019est une obligation, mais \u00e7a ne peut suffire. On peine \u00e0 avoir une vision sur dix, vingt ans, pour le d\u00e9partement. \u00bb [&#8230;] lire la suite de l&rsquo;article <a href=\"https:\/\/www.lanouvellerepublique.fr\/poitiers\/des-orientations-budgetaires-peu-precises-pour-les-elus-d-opposition-du-departement-de-la-vienne-1740086645\">ici<\/a><\/p>\n<\/div>\n\n\n\n<div class=\"wp-block-columns is-layout-flex wp-container-core-columns-is-layout-28f84493 wp-block-columns-is-layout-flex\">\n<div class=\"wp-block-column is-layout-flow wp-block-column-is-layout-flow\">\n<h2 class=\"wp-block-heading\">Centre-Presse du 24 octobre 2024<\/h2>\n\n\n\n<figure class=\"wp-block-image size-full is-resized\"><img loading=\"lazy\" decoding=\"async\" width=\"1020\" height=\"573\" src=\"https:\/\/www.vienne-en-transition.fr\/wp-content\/uploads\/2025\/04\/Article-Florence-clinique-ophtalmo.jpg\" alt=\"\" class=\"wp-image-2947\" style=\"aspect-ratio:4\/3;object-fit:cover;width:382px\" srcset=\"https:\/\/www.vienne-en-transition.fr\/wp-content\/uploads\/2025\/04\/Article-Florence-clinique-ophtalmo.jpg 1020w, https:\/\/www.vienne-en-transition.fr\/wp-content\/uploads\/2025\/04\/Article-Florence-clinique-ophtalmo-300x169.jpg 300w, https:\/\/www.vienne-en-transition.fr\/wp-content\/uploads\/2025\/04\/Article-Florence-clinique-ophtalmo-768x431.jpg 768w\" sizes=\"auto, (max-width: 1020px) 100vw, 1020px\" \/><\/figure>\n\n\n\n<p><strong>Clinique ophtalmologique de Poitiers : l&rsquo;aide \u00e0 l&rsquo;installation de deux m\u00e9decins contest\u00e9s<\/strong> : <em>\u00ab&nbsp;Si on n\u2019a pas de mutuelle ou si on a une mutuelle qui ne couvre pas bien, on n\u2019est pas rembours\u00e9 int\u00e9gralement de sa consultation&nbsp;\u00bb<\/em>, souligne alors Florence Harris (Poitiers-3). [&#8230;] retrouvez la suite de l&rsquo;article <a href=\"https:\/\/www.lanouvellerepublique.fr\/vienne\/commune\/mignaloux-beauvoir\/clinique-ophtalmologique-de-poitiers-l-aide-a-l-installation-des-medecins-contestee\">ici<\/a><\/p>\n<\/div>\n<\/div>\n\n\n\n<div class=\"wp-block-group is-layout-constrained wp-block-group-is-layout-constrained\">\n<h2 class=\"wp-block-heading\">Nouvelle R\u00e9publique du 28 septembre 2024<\/h2>\n\n\n\n<figure class=\"wp-block-image size-full is-resized\"><img loading=\"lazy\" decoding=\"async\" width=\"1020\" height=\"573\" src=\"https:\/\/www.vienne-en-transition.fr\/wp-content\/uploads\/2025\/04\/Budget-DM2-28092025.webp\" alt=\"\" class=\"wp-image-2957\" style=\"aspect-ratio:4\/3;object-fit:cover;width:392px\" srcset=\"https:\/\/www.vienne-en-transition.fr\/wp-content\/uploads\/2025\/04\/Budget-DM2-28092025.webp 1020w, https:\/\/www.vienne-en-transition.fr\/wp-content\/uploads\/2025\/04\/Budget-DM2-28092025-300x169.webp 300w, https:\/\/www.vienne-en-transition.fr\/wp-content\/uploads\/2025\/04\/Budget-DM2-28092025-768x431.webp 768w\" sizes=\"auto, (max-width: 1020px) 100vw, 1020px\" \/><\/figure>\n\n\n\n<p><em>&nbsp;<\/em><strong>Vienne : le nouveau tour de vis contraint et forc\u00e9 du D\u00e9partement :<\/strong> [&#8230;] \u00ab<em>Les recettes sont moindres qu\u2019escompt\u00e9. Pour le budget 2025, nous craignons de nouvelles coupes budg\u00e9taires&nbsp;\u00bb<\/em>, r\u00e9agit Ludovic Devergne (Poitiers-2). [&#8230;] lire la suite de l&rsquo;article <a href=\"https:\/\/www.lanouvellerepublique.fr\/poitiers\/vienne-le-nouveau-tour-de-vis-budgetaire-contraint-et-force-du-departement\">ici<\/a><\/p>\n<\/div>\n\n\n\n<div class=\"wp-block-group is-layout-constrained wp-block-group-is-layout-constrained\">\n<h2 class=\"wp-block-heading\">Nouvelle-R\u00e9publique du 21 juin 2024<\/h2>\n\n\n\n<figure class=\"wp-block-image size-full is-resized\"><img loading=\"lazy\" decoding=\"async\" width=\"1020\" height=\"573\" src=\"https:\/\/www.vienne-en-transition.fr\/wp-content\/uploads\/2025\/04\/Educ-21062024.webp\" alt=\"\" class=\"wp-image-2958\" style=\"aspect-ratio:4\/3;object-fit:cover;width:392px\" srcset=\"https:\/\/www.vienne-en-transition.fr\/wp-content\/uploads\/2025\/04\/Educ-21062024.webp 1020w, https:\/\/www.vienne-en-transition.fr\/wp-content\/uploads\/2025\/04\/Educ-21062024-300x169.webp 300w, https:\/\/www.vienne-en-transition.fr\/wp-content\/uploads\/2025\/04\/Educ-21062024-768x431.webp 768w\" sizes=\"auto, (max-width: 1020px) 100vw, 1020px\" \/><\/figure>\n\n\n\n<p><strong>Vienne&nbsp;: Alain Pichon tient serr\u00e9s les cordons de la bourse du budget d\u00e9partemental<\/strong> : [&#8230;] De son c\u00f4t\u00e9, Ludovic Devergne (Poitiers-2) du groupe d\u2019opposition&nbsp;La Vienne en transition a fait le calcul&nbsp;: <em>\u00ab&nbsp;Le delta manquant pour cette subvention repr\u00e9sente\u2026 0,02&nbsp;% du budget global&nbsp;! Vous auriez pu envoyer un signe fort. Mais vous vous ent\u00eatez.&nbsp;\u00bb<\/em> [&#8230;] lire la suite de l&rsquo;article <a href=\"https:\/\/www.lanouvellerepublique.fr\/poitiers\/vienne-alain-pichon-tient-serres-les-cordons-de-la-bourse-du-budget-departemental\">ici<\/a><\/p>\n<\/div>\n\n\n\n<div class=\"wp-block-group is-layout-constrained wp-block-group-is-layout-constrained\">\n<h2 class=\"wp-block-heading\">Nouvelle R\u00e9publique du 20 juin 2024<\/h2>\n\n\n\n<figure class=\"wp-block-image size-full is-resized\"><img loading=\"lazy\" decoding=\"async\" width=\"1020\" height=\"573\" src=\"https:\/\/www.vienne-en-transition.fr\/wp-content\/uploads\/2025\/04\/Educ-20062024.webp\" alt=\"\" class=\"wp-image-2961\" style=\"aspect-ratio:4\/3;object-fit:cover;width:392px\" srcset=\"https:\/\/www.vienne-en-transition.fr\/wp-content\/uploads\/2025\/04\/Educ-20062024.webp 1020w, https:\/\/www.vienne-en-transition.fr\/wp-content\/uploads\/2025\/04\/Educ-20062024-300x169.webp 300w, https:\/\/www.vienne-en-transition.fr\/wp-content\/uploads\/2025\/04\/Educ-20062024-768x431.webp 768w\" sizes=\"auto, (max-width: 1020px) 100vw, 1020px\" \/><\/figure>\n\n\n\n<p><strong>Vienne&nbsp;: une journ\u00e9e d\u00e9cisive pour l\u2019avenir de la pr\u00e9vention sp\u00e9cialis\u00e9e<\/strong> : [&#8230;] <em>\u00ab&nbsp;L\u2019an dernier, nous avions propos\u00e9 un coup de pouce pour les CCAS. Cette ann\u00e9e, nous proposons de d\u00e9nouer le sujet de l\u2019ADSEA&nbsp;\u00bb<\/em>, a rappel\u00e9 Ludovic Devergne (Poitiers-2) [&#8230;] lire la suite de l&rsquo;article <a href=\"https:\/\/www.lanouvellerepublique.fr\/poitiers\/vienne-une-journee-decisive-pour-l-avenir-de-la-prevention-specialisee\">ici<\/a><\/p>\n<\/div>\n\n\n\n<div class=\"wp-block-group is-layout-constrained wp-block-group-is-layout-constrained\">\n<h2 class=\"wp-block-heading\">Nouvelle R\u00e9publique du 30 mai 2024<\/h2>\n\n\n\n<figure class=\"wp-block-image size-full is-resized\"><img loading=\"lazy\" decoding=\"async\" width=\"1020\" height=\"573\" src=\"https:\/\/www.vienne-en-transition.fr\/wp-content\/uploads\/2025\/04\/Educ-30052024.jpg\" alt=\"\" class=\"wp-image-2962\" style=\"aspect-ratio:4\/3;object-fit:cover;width:392px\" srcset=\"https:\/\/www.vienne-en-transition.fr\/wp-content\/uploads\/2025\/04\/Educ-30052024.jpg 1020w, https:\/\/www.vienne-en-transition.fr\/wp-content\/uploads\/2025\/04\/Educ-30052024-300x169.jpg 300w, https:\/\/www.vienne-en-transition.fr\/wp-content\/uploads\/2025\/04\/Educ-30052024-768x431.jpg 768w\" sizes=\"auto, (max-width: 1020px) 100vw, 1020px\" \/><\/figure>\n\n\n\n<p><strong>Pr\u00e9vention sp\u00e9cialis\u00e9e dans la Vienne&nbsp;: tensions dans la rue comme au D\u00e9partement<\/strong> : [&#8230;] Trois \u00e9lus de l\u2019opposition \u2014 Florence Harris, Ludovic Devergne et Gr\u00e9gory Vouh\u00e9 \u2014 qui claquent la porte du conseil d\u00e9partemental de la Vienne [&#8230;] lire la suite de l&rsquo;article <a href=\"https:\/\/www.lanouvellerepublique.fr\/poitiers\/prevention-specialisee-dans-la-vienne-tensions-dans-la-rue-comme-au-departement\">ici<\/a><\/p>\n<\/div>\n","protected":false},"excerpt":{"rendered":"<p>Nouvelle R\u00e9publique du 18 octobre L&rsquo;\u00e9viction de Fran\u00e7ois Bock de la pr\u00e9sidence de la commission locale de l&rsquo;eau par sa [&hellip;]<\/p>\n","protected":false},"author":1,"featured_media":3064,"parent":0,"menu_order":0,"comment_status":"closed","ping_status":"closed","template":"","meta":{"site-sidebar-layout":"default","site-content-layout":"","ast-site-content-layout":"","site-content-style":"default","site-sidebar-style":"default","ast-global-header-display":"","ast-banner-title-visibility":"","ast-main-header-display":"","ast-hfb-above-header-display":"","ast-hfb-below-header-display":"","ast-hfb-mobile-header-display":"","site-post-title":"","ast-breadcrumbs-content":"","ast-featured-img":"","footer-sml-layout":"","theme-transparent-header-meta":"","adv-header-id-meta":"","stick-header-meta":"","header-above-stick-meta":"","header-main-stick-meta":"","header-below-stick-meta":"","astra-migrate-meta-layouts":"default","ast-page-background-enabled":"default","ast-page-background-meta":{"desktop":{"background-color":"var(--ast-global-color-5)","background-image":"","background-repeat":"repeat","background-position":"center center","background-size":"auto","background-attachment":"scroll","background-type":"","background-media":"","overlay-type":"","overlay-color":"","overlay-opacity":"","overlay-gradient":""},"tablet":{"background-color":"","background-image":"","background-repeat":"repeat","background-position":"center center","background-size":"auto","background-attachment":"scroll","background-type":"","background-media":"","overlay-type":"","overlay-color":"","overlay-opacity":"","overlay-gradient":""},"mobile":{"background-color":"","background-image":"","background-repeat":"repeat","background-position":"center center","background-size":"auto","background-attachment":"scroll","background-type":"","background-media":"","overlay-type":"","overlay-color":"","overlay-opacity":"","overlay-gradient":""}},"ast-content-background-meta":{"desktop":{"background-color":"var(--ast-global-color-4)","background-image":"","background-repeat":"repeat","background-position":"center center","background-size":"auto","background-attachment":"scroll","background-type":"","background-media":"","overlay-type":"","overlay-color":"","overlay-opacity":"","overlay-gradient":""},"tablet":{"background-color":"var(--ast-global-color-4)","background-image":"","background-repeat":"repeat","background-position":"center center","background-size":"auto","background-attachment":"scroll","background-type":"","background-media":"","overlay-type":"","overlay-color":"","overlay-opacity":"","overlay-gradient":""},"mobile":{"background-color":"var(--ast-global-color-4)","background-image":"","background-repeat":"repeat","background-position":"center center","background-size":"auto","background-attachment":"scroll","background-type":"","background-media":"","overlay-type":"","overlay-color":"","overlay-opacity":"","overlay-gradient":""}},"footnotes":""},"class_list":["post-2638","page","type-page","status-publish","has-post-thumbnail","hentry"],"_links":{"self":[{"href":"https:\/\/www.vienne-en-transition.fr\/index.php\/wp-json\/wp\/v2\/pages\/2638","targetHints":{"allow":["GET"]}}],"collection":[{"href":"https:\/\/www.vienne-en-transition.fr\/index.php\/wp-json\/wp\/v2\/pages"}],"about":[{"href":"https:\/\/www.vienne-en-transition.fr\/index.php\/wp-json\/wp\/v2\/types\/page"}],"author":[{"embeddable":true,"href":"https:\/\/www.vienne-en-transition.fr\/index.php\/wp-json\/wp\/v2\/users\/1"}],"replies":[{"embeddable":true,"href":"https:\/\/www.vienne-en-transition.fr\/index.php\/wp-json\/wp\/v2\/comments?post=2638"}],"version-history":[{"count":13,"href":"https:\/\/www.vienne-en-transition.fr\/index.php\/wp-json\/wp\/v2\/pages\/2638\/revisions"}],"predecessor-version":[{"id":3066,"href":"https:\/\/www.vienne-en-transition.fr\/index.php\/wp-json\/wp\/v2\/pages\/2638\/revisions\/3066"}],"wp:featuredmedia":[{"embeddable":true,"href":"https:\/\/www.vienne-en-transition.fr\/index.php\/wp-json\/wp\/v2\/media\/3064"}],"wp:attachment":[{"href":"https:\/\/www.vienne-en-transition.fr\/index.php\/wp-json\/wp\/v2\/media?parent=2638"}],"curies":[{"name":"wp","href":"https:\/\/api.w.org\/{rel}","templated":true}]}}