{"id":1845,"date":"2021-05-17T15:12:49","date_gmt":"2021-05-17T13:12:49","guid":{"rendered":"https:\/\/www.vienne-en-transition.fr\/?page_id=1845"},"modified":"2021-06-03T14:34:14","modified_gmt":"2021-06-03T12:34:14","slug":"nos-idees-phares","status":"publish","type":"page","link":"https:\/\/www.vienne-en-transition.fr\/index.php\/nos-idees-phares\/","title":{"rendered":"Notre programme"},"content":{"rendered":"\n<p><img loading=\"lazy\" decoding=\"async\" width=\"15\" height=\"15\" class=\"wp-image-596\" style=\"width: 15px;\" src=\"https:\/\/www.vienne-en-transition.fr\/wp-content\/uploads\/2020\/11\/puce-grise.png\" alt=\"\"> <em><strong><a href=\"https:\/\/www.vienne-en-transition.fr\/wp-content\/uploads\/2021\/05\/prog-collectif-lvet-dep2021.pdf\">Acc\u00e9der au programme complet<\/a><\/strong><\/em><\/p>\n\n\n\n<h2 class=\"wp-block-heading\">Agir r\u00e9solument pour r\u00e9duire les in\u00e9galit\u00e9s<\/h2>\n\n\n\n<div class=\"wp-block-media-text alignwide\" style=\"grid-template-columns:15% auto\"><figure class=\"wp-block-media-text__media\"><img loading=\"lazy\" decoding=\"async\" width=\"406\" height=\"451\" src=\"https:\/\/www.vienne-en-transition.fr\/wp-content\/uploads\/2021\/05\/illustration-solidarite.jpg\" alt=\"\" class=\"wp-image-1894 size-full\" srcset=\"https:\/\/www.vienne-en-transition.fr\/wp-content\/uploads\/2021\/05\/illustration-solidarite.jpg 406w, https:\/\/www.vienne-en-transition.fr\/wp-content\/uploads\/2021\/05\/illustration-solidarite-270x300.jpg 270w\" sizes=\"auto, (max-width: 406px) 100vw, 406px\" \/><\/figure><div class=\"wp-block-media-text__content\">\n<p><em>Le d\u00e9partement est la collectivit\u00e9 en premi\u00e8re ligne pour garantir la solidarit\u00e9. Nous devons retrouver le sens des priorit\u00e9s, pour assurer une vie digne \u00e0 chacun-e et ne laisser personne de c\u00f4t\u00e9.<\/em><\/p>\n<\/div><\/div>\n\n\n\n<p><img loading=\"lazy\" decoding=\"async\" width=\"15\" height=\"15\" class=\"wp-image-597\" style=\"width: 15px;\" src=\"https:\/\/www.vienne-en-transition.fr\/wp-content\/uploads\/2020\/11\/puce-orange.png\" alt=\"\"> Revaloriser les aides pour les personnes \u00e2g\u00e9es et l&rsquo;aide \u00e0 domicile. Priorit\u00e9 aux services et \u00e9tablissements publics.<\/p>\n\n\n\n<p><img loading=\"lazy\" decoding=\"async\" width=\"15\" height=\"15\" class=\"wp-image-597\" style=\"width: 15px;\" src=\"https:\/\/www.vienne-en-transition.fr\/wp-content\/uploads\/2020\/11\/puce-orange.png\" alt=\"\"> D\u00e9velopper des centres publics de sant\u00e9 qui maillent le territoire.<\/p>\n\n\n\n<p><img loading=\"lazy\" decoding=\"async\" width=\"15\" height=\"15\" class=\"wp-image-597\" style=\"width: 15px;\" src=\"https:\/\/www.vienne-en-transition.fr\/wp-content\/uploads\/2020\/11\/puce-orange.png\" alt=\"\"> Am\u00e9liorer le fonctionnement de la Maison D\u00e9partementale des Personnes Handicap\u00e9es, avec des moyens humains renforc\u00e9s.<\/p>\n\n\n\n<p><img loading=\"lazy\" decoding=\"async\" width=\"15\" height=\"15\" class=\"wp-image-597\" style=\"width: 15px;\" src=\"https:\/\/www.vienne-en-transition.fr\/wp-content\/uploads\/2020\/11\/puce-orange.png\" alt=\"\"> Agir avec les collectivit\u00e9s et les bailleurs sociaux pour un objectif partag\u00e9 : plus personne \u00e0 la rue. Le logement est la porte d&rsquo;entr\u00e9e de l&rsquo;insertion.<\/p>\n\n\n\n<p><img loading=\"lazy\" decoding=\"async\" width=\"15\" height=\"15\" class=\"wp-image-597\" style=\"width: 15px;\" src=\"https:\/\/www.vienne-en-transition.fr\/wp-content\/uploads\/2020\/11\/puce-orange.png\" alt=\"\"> Recruter des travailleurs sociaux et am\u00e9liorer le suivi, la coordination et la formation des acteurs de l&rsquo;aide sociale.<\/p>\n\n\n\n<p><img loading=\"lazy\" decoding=\"async\" width=\"15\" height=\"15\" class=\"wp-image-597\" style=\"width: 15px;\" src=\"https:\/\/www.vienne-en-transition.fr\/wp-content\/uploads\/2020\/11\/puce-orange.png\" alt=\"\"> Assumer pleinement l&rsquo;accompagnement des mineurs non-accompagn\u00e9s.<\/p>\n\n\n\n<p><img loading=\"lazy\" decoding=\"async\" width=\"15\" height=\"15\" class=\"wp-image-597\" style=\"width: 15px;\" src=\"https:\/\/www.vienne-en-transition.fr\/wp-content\/uploads\/2020\/11\/puce-orange.png\" alt=\"\"> D\u00e9ployer un plan d\u00e9partemental de lutte et d&rsquo;actions contre les discriminations et de promotion de l&rsquo;\u00e9galit\u00e9 femme\/homme.<\/p>\n\n\n\n<hr class=\"wp-block-separator\"\/>\n\n\n\n<h2 class=\"wp-block-heading\">Contribuer \u00e0 la transition \u00e9cologique<\/h2>\n\n\n\n<p><em>L&rsquo;\u00e9cologie est aujourd&rsquo;hui une question de responsabilit\u00e9 partag\u00e9e et une source de solutions concr\u00e8tes, cr\u00e9atrice d\u2019emplois locaux, pour nous assurer un avenir vivable et \u00e9panouissant<\/em>.<\/p>\n\n\n\n<p><img loading=\"lazy\" decoding=\"async\" width=\"15\" height=\"15\" class=\"wp-image-177\" style=\"width: 15px;\" src=\"https:\/\/www.vienne-en-transition.fr\/wp-content\/uploads\/2020\/09\/puce.png\" alt=\"\"> Conditionner progressivement toutes les aides d\u00e9partementales au respect de crit\u00e8res sociaux et environnementaux.<\/p>\n\n\n\n<p><img loading=\"lazy\" decoding=\"async\" width=\"15\" height=\"15\" class=\"wp-image-177\" style=\"width: 15px;\" src=\"https:\/\/www.vienne-en-transition.fr\/wp-content\/uploads\/2020\/09\/puce.png\" alt=\"\"> Accompagner l&rsquo;\u00e9mergence de secteurs industriels portant un mod\u00e8le de d\u00e9veloppement sobre et respectueux de l\u2019environnement.<\/p>\n\n\n\n<p><img loading=\"lazy\" decoding=\"async\" width=\"15\" height=\"15\" class=\"wp-image-177\" style=\"width: 15px;\" src=\"https:\/\/www.vienne-en-transition.fr\/wp-content\/uploads\/2020\/09\/puce.png\" alt=\"\"> Contribuer \u00e0 une alimentation locale et biologique, en accompagnant les changements de pratique agricole, les circuits courts, le d\u00e9veloppement des moyens de transformation et en assurant des d\u00e9bouch\u00e9s aux producteurs.<\/p>\n\n\n\n<p><img loading=\"lazy\" decoding=\"async\" width=\"15\" height=\"15\" class=\"wp-image-177\" style=\"width: 15px;\" src=\"https:\/\/www.vienne-en-transition.fr\/wp-content\/uploads\/2020\/09\/puce.png\" alt=\"\"> Favoriser le recours aux fili\u00e8res du territoire et aux produits locaux avec une politique d&rsquo;achats publics responsable.<\/p>\n\n\n\n<hr class=\"wp-block-separator\"\/>\n\n\n\n<h2 class=\"wp-block-heading\">Animer et r\u00e9\u00e9quilibrer les territoires<\/h2>\n\n\n\n<div class=\"wp-block-media-text alignwide\" style=\"grid-template-columns:17% auto\"><figure class=\"wp-block-media-text__media\"><img loading=\"lazy\" decoding=\"async\" width=\"447\" height=\"474\" src=\"https:\/\/www.vienne-en-transition.fr\/wp-content\/uploads\/2021\/05\/illustration-velo.jpg\" alt=\"\" class=\"wp-image-1899 size-full\" srcset=\"https:\/\/www.vienne-en-transition.fr\/wp-content\/uploads\/2021\/05\/illustration-velo.jpg 447w, https:\/\/www.vienne-en-transition.fr\/wp-content\/uploads\/2021\/05\/illustration-velo-283x300.jpg 283w\" sizes=\"auto, (max-width: 447px) 100vw, 447px\" \/><\/figure><div class=\"wp-block-media-text__content\">\n<p><em>Nous devons construire un d\u00e9partement uni, coop\u00e9ratif et solidaire, sachant s&rsquo;enrichir des particularit\u00e9s locales et de liens forts entre les territoires urbains et ruraux.<\/em><\/p>\n<\/div><\/div>\n\n\n\n<p><img loading=\"lazy\" decoding=\"async\" width=\"15\" height=\"15\" class=\"wp-image-1919\" style=\"width: 15px;\" src=\"https:\/\/www.vienne-en-transition.fr\/wp-content\/uploads\/2021\/05\/picto-jaune.png\" alt=\"Picto\"> Aider \u00e0 la cr\u00e9ation de nouveaux tiers-lieux permettant la participation citoyenne, l&rsquo;entrepreneuriat social et la transition \u00e9cologique aux c\u00f4t\u00e9s des acteurs du monde associatif et de l&rsquo;\u00e9conomie sociale et solidaire.<\/p>\n\n\n\n<p><img loading=\"lazy\" decoding=\"async\" width=\"15\" height=\"15\" class=\"wp-image-1919\" style=\"width: 15px;\" src=\"https:\/\/www.vienne-en-transition.fr\/wp-content\/uploads\/2021\/05\/picto-jaune.png\" alt=\"Picto\"> R\u00e9duire la fracture num\u00e9rique et les \u00ab\u00a0zones blanches\u00a0\u00bb avec le d\u00e9veloppement de l&rsquo;internet haut d\u00e9bit, par le d\u00e9ploiement de la fibre optique.<\/p>\n\n\n\n<p><img loading=\"lazy\" decoding=\"async\" width=\"15\" height=\"15\" class=\"wp-image-1919\" style=\"width: 15px;\" src=\"https:\/\/www.vienne-en-transition.fr\/wp-content\/uploads\/2021\/05\/picto-jaune.png\" alt=\"Picto\"> Accompagner le d\u00e9veloppement des \u00e9nergies renouvelables avec des projets concert\u00e9s et respectant notre patrimoine et nos paysages.<\/p>\n\n\n\n<p><img loading=\"lazy\" decoding=\"async\" width=\"15\" height=\"15\" class=\"wp-image-1919\" style=\"width: 15px;\" src=\"https:\/\/www.vienne-en-transition.fr\/wp-content\/uploads\/2021\/05\/picto-jaune.png\" alt=\"Picto\"> Faciliter les d\u00e9placements en favorisant les transports multimodaux et les mobilit\u00e9s actives avec des pistes pi\u00e9tonnes et cyclables s\u00e9curis\u00e9es, tout en am\u00e9liorant l&rsquo;entretien des routes d\u00e9partementales.<\/p>\n\n\n\n<p><img loading=\"lazy\" decoding=\"async\" width=\"15\" height=\"15\" class=\"wp-image-1919\" style=\"width: 15px;\" src=\"https:\/\/www.vienne-en-transition.fr\/wp-content\/uploads\/2021\/05\/picto-jaune.png\" alt=\"Picto\"> Soutenir le d\u00e9veloppement des fili\u00e8res touristiques \u00e9coresponsables permettant de valoriser les territoires, la d\u00e9couverte et la pr\u00e9servation de notre patrimoine ainsi que de la nature.<\/p>\n\n\n\n<hr class=\"wp-block-separator\"\/>\n\n\n\n<h2 class=\"wp-block-heading\">Favoriser l&rsquo;\u00e9ducation, la culture et le sport<\/h2>\n\n\n\n<p><em>Offrons de r\u00e9elles perspectives d&rsquo;avenir \u00e0 nos jeunes et aidons les acteurs locaux \u00e0 faire vivre la culture et le sport pour tout\u00b7e\u00b7s.<\/em><\/p>\n\n\n\n<p><img loading=\"lazy\" decoding=\"async\" width=\"15\" height=\"15\" class=\"wp-image-598\" style=\"width: 15px;\" src=\"https:\/\/www.vienne-en-transition.fr\/wp-content\/uploads\/2020\/11\/puce-rose.png\" alt=\"\"> \u00c9laborer un plan pluriannuel pour l&rsquo;investissement des coll\u00e8ges, permettant de se doter d&rsquo;infrastructures et de mat\u00e9riel de qualit\u00e9, dans une optique de durabilit\u00e9 et d&rsquo;exemplarit\u00e9 \u00e9nerg\u00e9tique.<\/p>\n\n\n\n<p><img loading=\"lazy\" decoding=\"async\" width=\"15\" height=\"15\" class=\"wp-image-598\" style=\"width: 15px;\" src=\"https:\/\/www.vienne-en-transition.fr\/wp-content\/uploads\/2020\/11\/puce-rose.png\" alt=\"\"> Dans la restauration scolaire, pratiquer les tarifs au quotient familial et viser l&rsquo;objectif de 50% de produits bio et locaux d&rsquo;ici la fin du mandat.<\/p>\n\n\n\n<p><img loading=\"lazy\" decoding=\"async\" width=\"15\" height=\"15\" class=\"wp-image-598\" style=\"width: 15px;\" src=\"https:\/\/www.vienne-en-transition.fr\/wp-content\/uploads\/2020\/11\/puce-rose.png\" alt=\"\"> Soutenir les acteurs locaux de l&rsquo;\u00e9ducation populaire, de la culture, du sport et de l&rsquo;\u00e9ducation \u00e0 l&rsquo;environnement.<\/p>\n\n\n\n<p><img loading=\"lazy\" decoding=\"async\" width=\"15\" height=\"15\" class=\"wp-image-598\" style=\"width: 15px;\" src=\"https:\/\/www.vienne-en-transition.fr\/wp-content\/uploads\/2020\/11\/puce-rose.png\" alt=\"\"> Travailler \u00e0 rendre accessible une \u00e9ducation artistique sur tout le territoire. Mener une \u00e9tude pour la cr\u00e9ation d&rsquo;une \u00e9cole de musique d\u00e9partementale.<\/p>\n\n\n\n<hr class=\"wp-block-separator\"\/>\n\n\n\n<h2 class=\"wp-block-heading\">Construire une vie d\u00e9mocratique participative<\/h2>\n\n\n\n<div class=\"wp-block-media-text alignwide\" style=\"grid-template-columns:19% auto\"><figure class=\"wp-block-media-text__media\"><img loading=\"lazy\" decoding=\"async\" width=\"426\" height=\"431\" src=\"https:\/\/www.vienne-en-transition.fr\/wp-content\/uploads\/2021\/05\/illustration-democratie.jpg\" alt=\"\" class=\"wp-image-1901 size-full\" srcset=\"https:\/\/www.vienne-en-transition.fr\/wp-content\/uploads\/2021\/05\/illustration-democratie.jpg 426w, https:\/\/www.vienne-en-transition.fr\/wp-content\/uploads\/2021\/05\/illustration-democratie-297x300.jpg 297w, https:\/\/www.vienne-en-transition.fr\/wp-content\/uploads\/2021\/05\/illustration-democratie-100x100.jpg 100w\" sizes=\"auto, (max-width: 426px) 100vw, 426px\" \/><\/figure><div class=\"wp-block-media-text__content\">\n<p><em>Nous portons une autre fa\u00e7on de faire de la politique, plus ouverte, transparente et coop\u00e9rative. Une d\u00e9mocratie vivante, au service de l&rsquo;int\u00e9r\u00eat g\u00e9n\u00e9ral.<\/em><\/p>\n<\/div><\/div>\n\n\n\n<p><img loading=\"lazy\" decoding=\"async\" width=\"15\" height=\"15\" class=\"wp-image-1091\" style=\"width: 15px;\" src=\"https:\/\/www.vienne-en-transition.fr\/wp-content\/uploads\/2021\/01\/puce-verte-fonce.png\" alt=\"\"> Mettre en place un droit d&rsquo;interpellation des citoyens et un droit de r\u00e9f\u00e9rendum d&rsquo;initiative locale.<\/p>\n\n\n\n<p><img loading=\"lazy\" decoding=\"async\" width=\"15\" height=\"15\" class=\"wp-image-1091\" style=\"width: 15px;\" src=\"https:\/\/www.vienne-en-transition.fr\/wp-content\/uploads\/2021\/01\/puce-verte-fonce.png\" alt=\"\"> Cr\u00e9er un conseil \u00e9conomique social et environnemental d\u00e9partemental (CESED) avec des repr\u00e9sentants de salari\u00e9s, d&rsquo;\u00e9lus, d&rsquo;entreprises, d&rsquo;associations, de services publics et des citoyens tir\u00e9s au sort.<\/p>\n\n\n\n<p><img loading=\"lazy\" decoding=\"async\" width=\"15\" height=\"15\" class=\"wp-image-1091\" style=\"width: 15px;\" src=\"https:\/\/www.vienne-en-transition.fr\/wp-content\/uploads\/2021\/01\/puce-verte-fonce.png\" alt=\"\"> \u00catre aux c\u00f4t\u00e9s des habitants et des acteurs du territoire : pour chaque projet qui les concerne, les associer activement, de la conception \u00e0 la r\u00e9alisation.<\/p>\n\n\n\n<p><img loading=\"lazy\" decoding=\"async\" width=\"15\" height=\"15\" class=\"wp-image-1091\" style=\"width: 15px;\" src=\"https:\/\/www.vienne-en-transition.fr\/wp-content\/uploads\/2021\/01\/puce-verte-fonce.png\" alt=\"\"> \u00catre un employeur exemplaire en luttant contre la pr\u00e9carit\u00e9 de l&#8217;emploi et en pratiquant un dialogue social participatif, transparent et \u00e9galitaire.<\/p>\n\n\n\n<hr class=\"wp-block-separator\"\/>\n\n\n\n<p><img loading=\"lazy\" decoding=\"async\" width=\"15\" height=\"15\" class=\"wp-image-596\" style=\"width: 15px;\" src=\"https:\/\/www.vienne-en-transition.fr\/wp-content\/uploads\/2020\/11\/puce-grise.png\" alt=\"\"> <em><strong><a href=\"https:\/\/www.vienne-en-transition.fr\/wp-content\/uploads\/2021\/05\/prog-collectif-lvet-dep2021.pdf\">Acc\u00e9der au programme complet <\/a><\/strong><\/em><\/p>\n","protected":false},"excerpt":{"rendered":"<p>Acc\u00e9der au programme complet Agir r\u00e9solument pour r\u00e9duire les in\u00e9galit\u00e9s Le d\u00e9partement est la collectivit\u00e9 en premi\u00e8re ligne pour garantir [&hellip;]<\/p>\n","protected":false},"author":1,"featured_media":0,"parent":0,"menu_order":0,"comment_status":"closed","ping_status":"closed","template":"","meta":{"site-sidebar-layout":"default","site-content-layout":"","ast-site-content-layout":"","site-content-style":"default","site-sidebar-style":"default","ast-global-header-display":"","ast-banner-title-visibility":"","ast-main-header-display":"","ast-hfb-above-header-display":"","ast-hfb-below-header-display":"","ast-hfb-mobile-header-display":"","site-post-title":"","ast-breadcrumbs-content":"","ast-featured-img":"","footer-sml-layout":"","theme-transparent-header-meta":"","adv-header-id-meta":"","stick-header-meta":"","header-above-stick-meta":"","header-main-stick-meta":"","header-below-stick-meta":"","astra-migrate-meta-layouts":"default","ast-page-background-enabled":"default","ast-page-background-meta":{"desktop":{"background-color":"var(--ast-global-color-5)","background-image":"","background-repeat":"repeat","background-position":"center center","background-size":"auto","background-attachment":"scroll","background-type":"","background-media":"","overlay-type":"","overlay-color":"","overlay-opacity":"","overlay-gradient":""},"tablet":{"background-color":"","background-image":"","background-repeat":"repeat","background-position":"center center","background-size":"auto","background-attachment":"scroll","background-type":"","background-media":"","overlay-type":"","overlay-color":"","overlay-opacity":"","overlay-gradient":""},"mobile":{"background-color":"","background-image":"","background-repeat":"repeat","background-position":"center center","background-size":"auto","background-attachment":"scroll","background-type":"","background-media":"","overlay-type":"","overlay-color":"","overlay-opacity":"","overlay-gradient":""}},"ast-content-background-meta":{"desktop":{"background-color":"var(--ast-global-color-4)","background-image":"","background-repeat":"repeat","background-position":"center center","background-size":"auto","background-attachment":"scroll","background-type":"","background-media":"","overlay-type":"","overlay-color":"","overlay-opacity":"","overlay-gradient":""},"tablet":{"background-color":"var(--ast-global-color-4)","background-image":"","background-repeat":"repeat","background-position":"center center","background-size":"auto","background-attachment":"scroll","background-type":"","background-media":"","overlay-type":"","overlay-color":"","overlay-opacity":"","overlay-gradient":""},"mobile":{"background-color":"var(--ast-global-color-4)","background-image":"","background-repeat":"repeat","background-position":"center center","background-size":"auto","background-attachment":"scroll","background-type":"","background-media":"","overlay-type":"","overlay-color":"","overlay-opacity":"","overlay-gradient":""}},"footnotes":""},"class_list":["post-1845","page","type-page","status-publish","hentry"],"_links":{"self":[{"href":"https:\/\/www.vienne-en-transition.fr\/index.php\/wp-json\/wp\/v2\/pages\/1845","targetHints":{"allow":["GET"]}}],"collection":[{"href":"https:\/\/www.vienne-en-transition.fr\/index.php\/wp-json\/wp\/v2\/pages"}],"about":[{"href":"https:\/\/www.vienne-en-transition.fr\/index.php\/wp-json\/wp\/v2\/types\/page"}],"author":[{"embeddable":true,"href":"https:\/\/www.vienne-en-transition.fr\/index.php\/wp-json\/wp\/v2\/users\/1"}],"replies":[{"embeddable":true,"href":"https:\/\/www.vienne-en-transition.fr\/index.php\/wp-json\/wp\/v2\/comments?post=1845"}],"version-history":[{"count":32,"href":"https:\/\/www.vienne-en-transition.fr\/index.php\/wp-json\/wp\/v2\/pages\/1845\/revisions"}],"predecessor-version":[{"id":1963,"href":"https:\/\/www.vienne-en-transition.fr\/index.php\/wp-json\/wp\/v2\/pages\/1845\/revisions\/1963"}],"wp:attachment":[{"href":"https:\/\/www.vienne-en-transition.fr\/index.php\/wp-json\/wp\/v2\/media?parent=1845"}],"curies":[{"name":"wp","href":"https:\/\/api.w.org\/{rel}","templated":true}]}}