{"id":1503,"date":"2021-04-24T11:19:48","date_gmt":"2021-04-24T09:19:48","guid":{"rendered":"https:\/\/www.vienne-en-transition.fr\/?page_id=1503"},"modified":"2021-06-04T09:20:34","modified_gmt":"2021-06-04T07:20:34","slug":"loudun","status":"publish","type":"page","link":"https:\/\/www.vienne-en-transition.fr\/index.php\/candidats\/loudun\/","title":{"rendered":"Loudun"},"content":{"rendered":"\n<figure class=\"wp-block-image size-large\"><img decoding=\"async\" src=\"https:\/\/www.vienne-en-transition.fr\/wp-content\/uploads\/2021\/05\/bann-loudun.jpg\" alt=\"\" class=\"wp-image-1579\"\/><\/figure>\n\n\n\n<p><a href=\"https:\/\/twitter.com\/LVETloudun\"><img loading=\"lazy\" decoding=\"async\" width=\"40\" height=\"40\" class=\"wp-image-1877\" style=\"width: 40px;\" src=\"https:\/\/www.vienne-en-transition.fr\/wp-content\/uploads\/2021\/05\/picto-twitter.png\" alt=\"\" srcset=\"https:\/\/www.vienne-en-transition.fr\/wp-content\/uploads\/2021\/05\/picto-twitter.png 200w, https:\/\/www.vienne-en-transition.fr\/wp-content\/uploads\/2021\/05\/picto-twitter-150x150.png 150w, https:\/\/www.vienne-en-transition.fr\/wp-content\/uploads\/2021\/05\/picto-twitter-100x100.png 100w\" sizes=\"auto, (max-width: 40px) 100vw, 40px\" \/><\/a><img loading=\"lazy\" decoding=\"async\" width=\"175\" height=\"40\" class=\"wp-image-1973\" style=\"width: 175px;\" src=\"https:\/\/www.vienne-en-transition.fr\/wp-content\/uploads\/2021\/06\/texte-reseauxsociaux.png\" alt=\"Suivez la campagne sur les r\u00e9seaux sociaux\" srcset=\"https:\/\/www.vienne-en-transition.fr\/wp-content\/uploads\/2021\/06\/texte-reseauxsociaux.png 350w, https:\/\/www.vienne-en-transition.fr\/wp-content\/uploads\/2021\/06\/texte-reseauxsociaux-300x69.png 300w\" sizes=\"auto, (max-width: 175px) 100vw, 175px\" \/><\/p>\n\n\n\n<h2 class=\"wp-block-heading\">Pierre Robert &#8211; Titulaire<\/h2>\n\n\n\n<div class=\"wp-block-media-text alignwide is-stacked-on-mobile\" style=\"grid-template-columns:15% auto\"><figure class=\"wp-block-media-text__media\"><img loading=\"lazy\" decoding=\"async\" width=\"243\" height=\"243\" src=\"https:\/\/www.vienne-en-transition.fr\/wp-content\/uploads\/2021\/05\/profil-probert.jpg\" alt=\"Pierre Robert\" class=\"wp-image-1719 size-full\" srcset=\"https:\/\/www.vienne-en-transition.fr\/wp-content\/uploads\/2021\/05\/profil-probert.jpg 243w, https:\/\/www.vienne-en-transition.fr\/wp-content\/uploads\/2021\/05\/profil-probert-150x150.jpg 150w, https:\/\/www.vienne-en-transition.fr\/wp-content\/uploads\/2021\/05\/profil-probert-100x100.jpg 100w\" sizes=\"auto, (max-width: 243px) 100vw, 243px\" \/><\/figure><div class=\"wp-block-media-text__content\">\n<p>49 ans, directeur artistique, ancien officier marinier de la marine nationale, adh\u00e9rent EELV.<\/p>\n<\/div><\/div>\n\n\n\n<h2 class=\"wp-block-heading\">Lucie Touraine &#8211; Titulaire<\/h2>\n\n\n\n<div class=\"wp-block-media-text alignwide is-stacked-on-mobile\" style=\"grid-template-columns:15% auto\"><figure class=\"wp-block-media-text__media\"><img loading=\"lazy\" decoding=\"async\" width=\"243\" height=\"243\" src=\"https:\/\/www.vienne-en-transition.fr\/wp-content\/uploads\/2021\/05\/profil-ltouraine.jpg\" alt=\"Lucie Touraine\" class=\"wp-image-1720 size-full\" srcset=\"https:\/\/www.vienne-en-transition.fr\/wp-content\/uploads\/2021\/05\/profil-ltouraine.jpg 243w, https:\/\/www.vienne-en-transition.fr\/wp-content\/uploads\/2021\/05\/profil-ltouraine-150x150.jpg 150w, https:\/\/www.vienne-en-transition.fr\/wp-content\/uploads\/2021\/05\/profil-ltouraine-100x100.jpg 100w\" sizes=\"auto, (max-width: 243px) 100vw, 243px\" \/><\/figure><div class=\"wp-block-media-text__content\">\n<p>21 ans, loudunaise \u00e9tudiante en licence de sociologie et sciences politiques \u00e0 Poitiers, Secr\u00e9taire g\u00e9n\u00e9rale des Jeunes G\u00e9n\u00e9ration\u00b7s de la Vienne.<\/p>\n<\/div><\/div>\n\n\n\n<h2 class=\"wp-block-heading\">Arthur Schmidt &#8211; Rempla\u00e7ant<\/h2>\n\n\n\n<div class=\"wp-block-media-text alignwide is-stacked-on-mobile\" style=\"grid-template-columns:15% auto\"><figure class=\"wp-block-media-text__media\"><img loading=\"lazy\" decoding=\"async\" width=\"243\" height=\"243\" src=\"https:\/\/www.vienne-en-transition.fr\/wp-content\/uploads\/2021\/05\/profil-aschmitd.jpg\" alt=\"Arthur Schmidt\" class=\"wp-image-1721 size-full\" srcset=\"https:\/\/www.vienne-en-transition.fr\/wp-content\/uploads\/2021\/05\/profil-aschmitd.jpg 243w, https:\/\/www.vienne-en-transition.fr\/wp-content\/uploads\/2021\/05\/profil-aschmitd-150x150.jpg 150w, https:\/\/www.vienne-en-transition.fr\/wp-content\/uploads\/2021\/05\/profil-aschmitd-100x100.jpg 100w\" sizes=\"auto, (max-width: 243px) 100vw, 243px\" \/><\/figure><div class=\"wp-block-media-text__content\">\n<p>31 ans, directeur de compagnie, auteur, metteur en sc\u00e8ne sur le canton de Loudun depuis 2015.<\/p>\n<\/div><\/div>\n\n\n\n<h2 class=\"wp-block-heading\">Florence Guettier &#8211; Rempla\u00e7ante<\/h2>\n\n\n\n<div class=\"wp-block-media-text alignwide is-stacked-on-mobile\" style=\"grid-template-columns:15% auto\"><figure class=\"wp-block-media-text__media\"><img loading=\"lazy\" decoding=\"async\" width=\"243\" height=\"243\" src=\"https:\/\/www.vienne-en-transition.fr\/wp-content\/uploads\/2021\/05\/profil-fguettier.jpg\" alt=\"Florence Guettier\" class=\"wp-image-1722 size-full\" srcset=\"https:\/\/www.vienne-en-transition.fr\/wp-content\/uploads\/2021\/05\/profil-fguettier.jpg 243w, https:\/\/www.vienne-en-transition.fr\/wp-content\/uploads\/2021\/05\/profil-fguettier-150x150.jpg 150w, https:\/\/www.vienne-en-transition.fr\/wp-content\/uploads\/2021\/05\/profil-fguettier-100x100.jpg 100w\" sizes=\"auto, (max-width: 243px) 100vw, 243px\" \/><\/figure><div class=\"wp-block-media-text__content\">\n<p>Citoyenne de 56 ans sensible aux enjeux sociaux et environne-<br>mentaux, habitante de Ceaux-en-Loudun.<\/p>\n<\/div><\/div>\n\n\n\n<p><\/p>\n","protected":false},"excerpt":{"rendered":"<p>Pierre Robert &#8211; Titulaire 49 ans, directeur artistique, ancien officier marinier de la marine nationale, adh\u00e9rent EELV. Lucie Touraine &#8211; [&hellip;]<\/p>\n","protected":false},"author":1,"featured_media":0,"parent":1486,"menu_order":0,"comment_status":"closed","ping_status":"closed","template":"","meta":{"site-sidebar-layout":"default","site-content-layout":"","ast-site-content-layout":"","site-content-style":"default","site-sidebar-style":"default","ast-global-header-display":"","ast-banner-title-visibility":"","ast-main-header-display":"","ast-hfb-above-header-display":"","ast-hfb-below-header-display":"","ast-hfb-mobile-header-display":"","site-post-title":"","ast-breadcrumbs-content":"","ast-featured-img":"","footer-sml-layout":"","theme-transparent-header-meta":"","adv-header-id-meta":"","stick-header-meta":"","header-above-stick-meta":"","header-main-stick-meta":"","header-below-stick-meta":"","astra-migrate-meta-layouts":"default","ast-page-background-enabled":"default","ast-page-background-meta":{"desktop":{"background-color":"var(--ast-global-color-5)","background-image":"","background-repeat":"repeat","background-position":"center center","background-size":"auto","background-attachment":"scroll","background-type":"","background-media":"","overlay-type":"","overlay-color":"","overlay-opacity":"","overlay-gradient":""},"tablet":{"background-color":"","background-image":"","background-repeat":"repeat","background-position":"center center","background-size":"auto","background-attachment":"scroll","background-type":"","background-media":"","overlay-type":"","overlay-color":"","overlay-opacity":"","overlay-gradient":""},"mobile":{"background-color":"","background-image":"","background-repeat":"repeat","background-position":"center center","background-size":"auto","background-attachment":"scroll","background-type":"","background-media":"","overlay-type":"","overlay-color":"","overlay-opacity":"","overlay-gradient":""}},"ast-content-background-meta":{"desktop":{"background-color":"var(--ast-global-color-4)","background-image":"","background-repeat":"repeat","background-position":"center center","background-size":"auto","background-attachment":"scroll","background-type":"","background-media":"","overlay-type":"","overlay-color":"","overlay-opacity":"","overlay-gradient":""},"tablet":{"background-color":"var(--ast-global-color-4)","background-image":"","background-repeat":"repeat","background-position":"center center","background-size":"auto","background-attachment":"scroll","background-type":"","background-media":"","overlay-type":"","overlay-color":"","overlay-opacity":"","overlay-gradient":""},"mobile":{"background-color":"var(--ast-global-color-4)","background-image":"","background-repeat":"repeat","background-position":"center center","background-size":"auto","background-attachment":"scroll","background-type":"","background-media":"","overlay-type":"","overlay-color":"","overlay-opacity":"","overlay-gradient":""}},"footnotes":""},"class_list":["post-1503","page","type-page","status-publish","hentry"],"_links":{"self":[{"href":"https:\/\/www.vienne-en-transition.fr\/index.php\/wp-json\/wp\/v2\/pages\/1503","targetHints":{"allow":["GET"]}}],"collection":[{"href":"https:\/\/www.vienne-en-transition.fr\/index.php\/wp-json\/wp\/v2\/pages"}],"about":[{"href":"https:\/\/www.vienne-en-transition.fr\/index.php\/wp-json\/wp\/v2\/types\/page"}],"author":[{"embeddable":true,"href":"https:\/\/www.vienne-en-transition.fr\/index.php\/wp-json\/wp\/v2\/users\/1"}],"replies":[{"embeddable":true,"href":"https:\/\/www.vienne-en-transition.fr\/index.php\/wp-json\/wp\/v2\/comments?post=1503"}],"version-history":[{"count":9,"href":"https:\/\/www.vienne-en-transition.fr\/index.php\/wp-json\/wp\/v2\/pages\/1503\/revisions"}],"predecessor-version":[{"id":1984,"href":"https:\/\/www.vienne-en-transition.fr\/index.php\/wp-json\/wp\/v2\/pages\/1503\/revisions\/1984"}],"up":[{"embeddable":true,"href":"https:\/\/www.vienne-en-transition.fr\/index.php\/wp-json\/wp\/v2\/pages\/1486"}],"wp:attachment":[{"href":"https:\/\/www.vienne-en-transition.fr\/index.php\/wp-json\/wp\/v2\/media?parent=1503"}],"curies":[{"name":"wp","href":"https:\/\/api.w.org\/{rel}","templated":true}]}}